{"id":3,"date":"2020-06-04T15:47:39","date_gmt":"2020-06-04T15:47:39","guid":{"rendered":"http:\/\/ggg.do\/es\/?page_id=3"},"modified":"2020-09-18T13:53:42","modified_gmt":"2020-09-18T13:53:42","slug":"privacidad","status":"publish","type":"page","link":"https:\/\/ggg.do\/es\/privacidad\/","title":{"rendered":"Privacidad"},"content":{"rendered":"\t\t<div data-elementor-type=\"wp-page\" data-elementor-id=\"3\" class=\"elementor elementor-3\" data-elementor-settings=\"[]\">\n\t\t\t\t\t\t<div class=\"elementor-inner\">\n\t\t\t\t\t\t\t<div class=\"elementor-section-wrap\">\n\t\t\t\t\t\t\t<section class=\"elementor-section elementor-top-section elementor-element elementor-element-8eb2e6c elementor-section-boxed elementor-section-height-default elementor-section-height-default\" data-id=\"8eb2e6c\" data-element_type=\"section\" data-settings=\"{&quot;background_background&quot;:&quot;classic&quot;}\">\n\t\t\t\t\t\t<div class=\"elementor-container elementor-column-gap-default\">\n\t\t\t\t\t\t\t<div class=\"elementor-row\">\n\t\t\t\t\t<div class=\"elementor-column elementor-col-100 elementor-top-column elementor-element elementor-element-8061863\" data-id=\"8061863\" data-element_type=\"column\">\n\t\t\t<div class=\"elementor-column-wrap elementor-element-populated\">\n\t\t\t\t\t\t\t<div class=\"elementor-widget-wrap\">\n\t\t\t\t\t\t<div class=\"elementor-element elementor-element-3b29e46 elementor-widget elementor-widget-heading\" data-id=\"3b29e46\" data-element_type=\"widget\" data-widget_type=\"heading.default\">\n\t\t\t\t<div class=\"elementor-widget-container\">\n\t\t\t<h1 class=\"elementor-heading-title elementor-size-default\">Politicas de Privacidad<\/h1>\t\t<\/div>\n\t\t\t\t<\/div>\n\t\t\t\t\t\t<\/div>\n\t\t\t\t\t<\/div>\n\t\t<\/div>\n\t\t\t\t\t\t\t\t<\/div>\n\t\t\t\t\t<\/div>\n\t\t<\/section>\n\t\t\t\t<section class=\"elementor-section elementor-top-section elementor-element elementor-element-5a1a803 elementor-section-boxed elementor-section-height-default elementor-section-height-default\" data-id=\"5a1a803\" data-element_type=\"section\">\n\t\t\t\t\t\t<div class=\"elementor-container elementor-column-gap-default\">\n\t\t\t\t\t\t\t<div class=\"elementor-row\">\n\t\t\t\t\t<div class=\"elementor-column elementor-col-50 elementor-top-column elementor-element elementor-element-b1efe3d\" data-id=\"b1efe3d\" data-element_type=\"column\">\n\t\t\t<div class=\"elementor-column-wrap elementor-element-populated\">\n\t\t\t\t\t\t\t<div class=\"elementor-widget-wrap\">\n\t\t\t\t\t\t<div class=\"elementor-element elementor-element-387c9fa elementor-widget elementor-widget-heading\" data-id=\"387c9fa\" data-element_type=\"widget\" data-widget_type=\"heading.default\">\n\t\t\t\t<div class=\"elementor-widget-container\">\n\t\t\t<h2 class=\"elementor-heading-title elementor-size-default\">NAVEGACI\u00d3N<\/h2>\t\t<\/div>\n\t\t\t\t<\/div>\n\t\t\t\t<div class=\"elementor-element elementor-element-2036135 elementor-align-left elementor-icon-list--layout-traditional elementor-list-item-link-full_width elementor-widget elementor-widget-icon-list\" data-id=\"2036135\" data-element_type=\"widget\" data-widget_type=\"icon-list.default\">\n\t\t\t\t<div class=\"elementor-widget-container\">\n\t\t\t\t\t<ul class=\"elementor-icon-list-items\">\n\t\t\t\t\t\t\t<li class=\"elementor-icon-list-item\">\n\t\t\t\t\t<a href=\"#information\">\t\t\t\t\t<span class=\"elementor-icon-list-text\">Recolecci\u00f3n de informaci\u00f3n<\/span>\n\t\t\t\t\t\t\t\t\t\t\t<\/a>\n\t\t\t\t\t\t\t\t\t<\/li>\n\t\t\t\t\t\t\t\t<li class=\"elementor-icon-list-item\">\n\t\t\t\t\t<a href=\"#usage\">\t\t\t\t\t<span class=\"elementor-icon-list-text\">Uso<\/span>\n\t\t\t\t\t\t\t\t\t\t\t<\/a>\n\t\t\t\t\t\t\t\t\t<\/li>\n\t\t\t\t\t\t\t\t<li class=\"elementor-icon-list-item\">\n\t\t\t\t\t<a href=\"#cookies\">\t\t\t\t\t<span class=\"elementor-icon-list-text\">Cookies<\/span>\n\t\t\t\t\t\t\t\t\t\t\t<\/a>\n\t\t\t\t\t\t\t\t\t<\/li>\n\t\t\t\t\t\t\t\t<li class=\"elementor-icon-list-item\">\n\t\t\t\t\t<a href=\"#protection\">\t\t\t\t\t<span class=\"elementor-icon-list-text\">Protecci\u00f3n<\/span>\n\t\t\t\t\t\t\t\t\t\t\t<\/a>\n\t\t\t\t\t\t\t\t\t<\/li>\n\t\t\t\t\t\t\t\t<li class=\"elementor-icon-list-item\">\n\t\t\t\t\t<a href=\"#more\">\t\t\t\t\t<span class=\"elementor-icon-list-text\">M\u00e1s Informaci\u00f3n \u200b<\/span>\n\t\t\t\t\t\t\t\t\t\t\t<\/a>\n\t\t\t\t\t\t\t\t\t<\/li>\n\t\t\t\t\t\t<\/ul>\n\t\t\t\t<\/div>\n\t\t\t\t<\/div>\n\t\t\t\t\t\t<\/div>\n\t\t\t\t\t<\/div>\n\t\t<\/div>\n\t\t\t\t<div class=\"elementor-column elementor-col-50 elementor-top-column elementor-element elementor-element-597f568\" data-id=\"597f568\" data-element_type=\"column\">\n\t\t\t<div class=\"elementor-column-wrap elementor-element-populated\">\n\t\t\t\t\t\t\t<div class=\"elementor-widget-wrap\">\n\t\t\t\t\t\t<div class=\"elementor-element elementor-element-015536f elementor-widget elementor-widget-heading\" data-id=\"015536f\" data-element_type=\"widget\" data-widget_type=\"heading.default\">\n\t\t\t\t<div class=\"elementor-widget-container\">\n\t\t\t<h2 class=\"elementor-heading-title elementor-size-default\">Efectivo desde: 1 de junio de 2020<\/h2>\t\t<\/div>\n\t\t\t\t<\/div>\n\t\t\t\t<div class=\"elementor-element elementor-element-04f2eab elementor-widget elementor-widget-menu-anchor\" data-id=\"04f2eab\" data-element_type=\"widget\" data-widget_type=\"menu-anchor.default\">\n\t\t\t\t<div class=\"elementor-widget-container\">\n\t\t\t\t\t<div id=\"information\" class=\"elementor-menu-anchor\"><\/div>\n\t\t\t\t<\/div>\n\t\t\t\t<\/div>\n\t\t\t\t<div class=\"elementor-element elementor-element-2e60cc5 elementor-widget elementor-widget-text-editor\" data-id=\"2e60cc5\" data-element_type=\"widget\" data-widget_type=\"text-editor.default\">\n\t\t\t\t<div class=\"elementor-widget-container\">\n\t\t\t\t\t<div class=\"elementor-text-editor elementor-clearfix\"><p>Sabemos que usted se ocupa de c\u00f3mo se usa y comparte la informaci\u00f3n sobre usted y le agradecemos su confianza en nosotros para hacerlo con cuidado y prudencia. Estamos muy comprometidos a mantener la confidencialidad de cualquier informaci\u00f3n comercial o personal de nuestros usuarios. Este aviso describe nuestra pol\u00edtica de privacidad y es parte de los t\u00e9rminos y condiciones de nuestro sitio web y el servicio (&#8220;Sitio web y t\u00e9rminos de servicio&#8221;).<\/p><p>Al visitar <strong>ggg.do, godgreatestgift.org<\/strong> o cualquiera de sus dominios (&#8220;El Sitio&#8221;), usted acepta y consiente las pr\u00e1cticas descritas en esta Pol\u00edtica de privacidad.<\/p><p>El sitio web es presentado por God&#8217;s Greatest Gift Inc. Creemos que es importante proteger sus datos personales y estamos comprometidos a proteger su privacidad. Esta pol\u00edtica explica c\u00f3mo podemos recopilar datos personales sobre usted.<br \/>\u00a0<\/p><\/div>\n\t\t\t\t<\/div>\n\t\t\t\t<\/div>\n\t\t\t\t<div class=\"elementor-element elementor-element-a746b51 elementor-widget elementor-widget-menu-anchor\" data-id=\"a746b51\" data-element_type=\"widget\" data-widget_type=\"menu-anchor.default\">\n\t\t\t\t<div class=\"elementor-widget-container\">\n\t\t\t\t\t<div id=\"usage\" class=\"elementor-menu-anchor\"><\/div>\n\t\t\t\t<\/div>\n\t\t\t\t<\/div>\n\t\t\t\t<div class=\"elementor-element elementor-element-c306829 elementor-widget elementor-widget-heading\" data-id=\"c306829\" data-element_type=\"widget\" data-widget_type=\"heading.default\">\n\t\t\t\t<div class=\"elementor-widget-container\">\n\t\t\t<h2 class=\"elementor-heading-title elementor-size-default\">Recolecci\u00f3n de informaci\u00f3n<\/h2>\t\t<\/div>\n\t\t\t\t<\/div>\n\t\t\t\t<div class=\"elementor-element elementor-element-8d2d4bd elementor-widget elementor-widget-text-editor\" data-id=\"8d2d4bd\" data-element_type=\"widget\" data-widget_type=\"text-editor.default\">\n\t\t\t\t<div class=\"elementor-widget-container\">\n\t\t\t\t\t<div class=\"elementor-text-editor elementor-clearfix\"><p>Podemos recopilar informaci\u00f3n personal suya, como su nombre, direcci\u00f3n de correo electr\u00f3nico, direcci\u00f3n postal, n\u00famero de tel\u00e9fono, informaci\u00f3n de la tarjeta de cr\u00e9dito, etc., cuando realiza una donaci\u00f3n o un pago en l\u00ednea, guarda su informaci\u00f3n con nosotros o se puede poner \u00a0en contacto con nosotros si tiene alguna \u00a0pregunta o preocupaci\u00f3n. Mantenemos un registro de su donaci\u00f3n o pago en l\u00ednea seg\u00fan sea necesario para procesar su donaci\u00f3n o pago en l\u00ednea.<\/p><\/div>\n\t\t\t\t<\/div>\n\t\t\t\t<\/div>\n\t\t\t\t<div class=\"elementor-element elementor-element-5848ea2 elementor-widget elementor-widget-heading\" data-id=\"5848ea2\" data-element_type=\"widget\" data-widget_type=\"heading.default\">\n\t\t\t\t<div class=\"elementor-widget-container\">\n\t\t\t<h2 class=\"elementor-heading-title elementor-size-default\">Uso<\/h2>\t\t<\/div>\n\t\t\t\t<\/div>\n\t\t\t\t<div class=\"elementor-element elementor-element-8f344ab elementor-widget elementor-widget-text-editor\" data-id=\"8f344ab\" data-element_type=\"widget\" data-widget_type=\"text-editor.default\">\n\t\t\t\t<div class=\"elementor-widget-container\">\n\t\t\t\t\t<div class=\"elementor-text-editor elementor-clearfix\"><p>Podemos utilizar su informaci\u00f3n personal de las siguientes formas:<\/p><ul><li>Para procesar y proceder con su solicitud de donaci\u00f3n o pago en l\u00ednea<\/li><li>Para comunicarnos con usted y enviarle informaci\u00f3n por correo electr\u00f3nico, correo postal, tel\u00e9fono seg\u00fan sea necesario para procesar su donaci\u00f3n o pago en l\u00ednea.<\/li><li>Para ayudarnos a abordar problemas y mejorar el dise\u00f1o de nuestro sitio.<\/li><li>Para proteger la seguridad o integridad de nuestro sitio web y misi\u00f3n.<\/li><li>Para contactarlo si es necesario<\/li><\/ul><p><strong>\u00bfGod&#8217;s Greatest Gift comparte mi\u00a0<\/strong><b>informaci\u00f3n?<\/b><\/p><p>No compartimos su informaci\u00f3n. Solo usaremos la informaci\u00f3n para procesar su donaci\u00f3n o solicitud de pago en l\u00ednea.<\/p><\/div>\n\t\t\t\t<\/div>\n\t\t\t\t<\/div>\n\t\t\t\t<div class=\"elementor-element elementor-element-9e37869 elementor-widget elementor-widget-menu-anchor\" data-id=\"9e37869\" data-element_type=\"widget\" data-widget_type=\"menu-anchor.default\">\n\t\t\t\t<div class=\"elementor-widget-container\">\n\t\t\t\t\t<div id=\"cookies\" class=\"elementor-menu-anchor\"><\/div>\n\t\t\t\t<\/div>\n\t\t\t\t<\/div>\n\t\t\t\t<div class=\"elementor-element elementor-element-0fc9183 elementor-widget elementor-widget-heading\" data-id=\"0fc9183\" data-element_type=\"widget\" data-widget_type=\"heading.default\">\n\t\t\t\t<div class=\"elementor-widget-container\">\n\t\t\t<h2 class=\"elementor-heading-title elementor-size-default\">Cookies<\/h2>\t\t<\/div>\n\t\t\t\t<\/div>\n\t\t\t\t<div class=\"elementor-element elementor-element-dde9709 elementor-widget elementor-widget-text-editor\" data-id=\"dde9709\" data-element_type=\"widget\" data-widget_type=\"text-editor.default\">\n\t\t\t\t<div class=\"elementor-widget-container\">\n\t\t\t\t\t<div class=\"elementor-text-editor elementor-clearfix\"><p><strong>Uso de Cookies<\/strong><\/p><p>Nuestro sitio web utiliza &#8220;cookies&#8221;, que son peque\u00f1os archivos de datos que se almacenan en su computadora cuando visita un sitio web. Las cookies le permiten donar o pagar en nuestro sitio web.<\/p><p>Puede configurar su navegador para que no acepte cookies o para que le notifique cuando se le env\u00ede un cookie, d\u00e1ndole la oportunidad de decidir si la acepta o no. Sin embargo, si no acepta las cookies, no podr\u00e1 acceder a la informaci\u00f3n de su cuenta ni realizar donaciones o pagos en nuestro sitio web.<\/p><p><strong>Etiquetas de p\u00edxeles<\/strong><\/p><p>Usamos &#8220;etiquetas de p\u00edxeles&#8221; (tambi\u00e9n llamadas &#8220;balizas web&#8221; o &#8220;gifs transparentes&#8221;), que son peque\u00f1as im\u00e1genes gr\u00e1ficas, en nuestros sitios web y en nuestros correos electr\u00f3nicos.<\/p><p>Las etiquetas de p\u00edxel en nuestros sitios se pueden utilizar para recopilar informaci\u00f3n sobre su visita, incluidas las p\u00e1ginas que visita, las funciones que utiliza, los enlaces en los que hace clic y otras acciones que realiza en relaci\u00f3n con el sitio. Esta informaci\u00f3n puede incluir la direcci\u00f3n de Protocolo de Internet (IP) de su computadora, su tipo de navegador, su sistema operativo, informaci\u00f3n de fecha, hora y otra informaci\u00f3n t\u00e9cnica sobre su computadora.<\/p><p>Tambi\u00e9n podemos rastrear cierta informaci\u00f3n sobre la identidad del sitio web que visit\u00f3 inmediatamente antes de visitar nuestro sitio. De lo contrario, no rastreamos ninguna informaci\u00f3n sobre su uso de otros sitios web.<\/p><\/div>\n\t\t\t\t<\/div>\n\t\t\t\t<\/div>\n\t\t\t\t<div class=\"elementor-element elementor-element-79f2b55 elementor-widget elementor-widget-menu-anchor\" data-id=\"79f2b55\" data-element_type=\"widget\" data-widget_type=\"menu-anchor.default\">\n\t\t\t\t<div class=\"elementor-widget-container\">\n\t\t\t\t\t<div id=\"protection\" class=\"elementor-menu-anchor\"><\/div>\n\t\t\t\t<\/div>\n\t\t\t\t<\/div>\n\t\t\t\t<div class=\"elementor-element elementor-element-97bba46 elementor-widget elementor-widget-heading\" data-id=\"97bba46\" data-element_type=\"widget\" data-widget_type=\"heading.default\">\n\t\t\t\t<div class=\"elementor-widget-container\">\n\t\t\t<h2 class=\"elementor-heading-title elementor-size-default\">Protecci\u00f3n <\/h2>\t\t<\/div>\n\t\t\t\t<\/div>\n\t\t\t\t<div class=\"elementor-element elementor-element-30f2d9b elementor-widget elementor-widget-text-editor\" data-id=\"30f2d9b\" data-element_type=\"widget\" data-widget_type=\"text-editor.default\">\n\t\t\t\t<div class=\"elementor-widget-container\">\n\t\t\t\t\t<div class=\"elementor-text-editor elementor-clearfix\"><p><strong>Informaci\u00f3n de la persona<\/strong><\/p><p>Hacemos todo lo posible para brindarle una experiencia en l\u00ednea segura y conveniente. Contamos con ciertas garant\u00edas f\u00edsicas, electr\u00f3nicas, contractuales y administrativas para proteger la seguridad y privacidad de su informaci\u00f3n personal.<\/p><p>Cuando ingresa su informaci\u00f3n personal en nuestro sitio web, utilizamos la tecnolog\u00eda Secure Sockets Layer (SSL) para proteger su informaci\u00f3n a medida que se nos transmite. Para asegurarse de que est\u00e1 accediendo a nuestro servidor seguro antes de enviar informaci\u00f3n financiera personal, busque en la esquina inferior izquierda de su navegador. Si ve una llave ininterrumpida o un candado cerrado (seg\u00fan su navegador), SSL est\u00e1 activo. Para verificar la seguridad, mire la URL o la l\u00ednea de ubicaci\u00f3n de su navegador. Si ha accedido a un servidor seguro, los primeros caracteres de la direcci\u00f3n en esa l\u00ednea deben cambiar de &#8220;http&#8221; a &#8220;https&#8221;.<\/p><p><strong>\u00bfQu\u00e9 es &#8220;PHISHING&#8221;?<\/strong><\/p><p>El \u201cphishing\u201d es una estafa dise\u00f1ada para robar su informaci\u00f3n personal. Si recibe un correo electr\u00f3nico que parece ser nuestro, solicitando su informaci\u00f3n personal, no responda. Nunca le pediremos su contrase\u00f1a o nombre de usuario por correo electr\u00f3nico.<\/p><p><strong>Enlaces a otros sitios web<\/strong><\/p><p>Para su comodidad e informaci\u00f3n, nuestro sitio web puede contener enlaces a otros sitios, que pueden tener pol\u00edticas de privacidad que difieran de las nuestras. No somos responsables del contenido o las pr\u00e1cticas de ning\u00fan sitio vinculado. Le recomendamos que revise la pol\u00edtica de privacidad de cualquier sitio al que acceda a trav\u00e9s de nuestros sitios.<\/p><\/div>\n\t\t\t\t<\/div>\n\t\t\t\t<\/div>\n\t\t\t\t<div class=\"elementor-element elementor-element-4d9ba5d elementor-widget elementor-widget-menu-anchor\" data-id=\"4d9ba5d\" data-element_type=\"widget\" data-widget_type=\"menu-anchor.default\">\n\t\t\t\t<div class=\"elementor-widget-container\">\n\t\t\t\t\t<div id=\"more\" class=\"elementor-menu-anchor\"><\/div>\n\t\t\t\t<\/div>\n\t\t\t\t<\/div>\n\t\t\t\t<div class=\"elementor-element elementor-element-b0fe319 elementor-widget elementor-widget-heading\" data-id=\"b0fe319\" data-element_type=\"widget\" data-widget_type=\"heading.default\">\n\t\t\t\t<div class=\"elementor-widget-container\">\n\t\t\t<h2 class=\"elementor-heading-title elementor-size-default\">M\u00e1s Informaci\u00f3n <\/h2>\t\t<\/div>\n\t\t\t\t<\/div>\n\t\t\t\t<div class=\"elementor-element elementor-element-fd54600 elementor-widget elementor-widget-text-editor\" data-id=\"fd54600\" data-element_type=\"widget\" data-widget_type=\"text-editor.default\">\n\t\t\t\t<div class=\"elementor-widget-container\">\n\t\t\t\t\t<div class=\"elementor-text-editor elementor-clearfix\"><p>Si tiene preguntas sobre nuestra pol\u00edtica de privacidad, para tomar decisiones sobre la recepci\u00f3n de comunicaciones promocionales, para actualizar su informaci\u00f3n personal o para realizar un pedido, puede comunicarse con GOD GREATEST GIFT por correo electr\u00f3nico, tel\u00e9fono o correo postal.<\/p><p><strong>GOD GREATEST GIFT INC.<\/strong><br \/>2302 Lucaya Lane, Apt D-1,<br \/>Coconut Creek, Fl. 33066<br \/>info@godgreatestgift.org<\/p><\/div>\n\t\t\t\t<\/div>\n\t\t\t\t<\/div>\n\t\t\t\t\t\t<\/div>\n\t\t\t\t\t<\/div>\n\t\t<\/div>\n\t\t\t\t\t\t\t\t<\/div>\n\t\t\t\t\t<\/div>\n\t\t<\/section>\n\t\t\t\t\t\t<\/div>\n\t\t\t\t\t\t<\/div>\n\t\t\t\t\t<\/div>\n\t\t","protected":false},"excerpt":{"rendered":"<p>Politicas de Privacidad NAVEGACI\u00d3N Recolecci\u00f3n de informaci\u00f3n Uso Cookies Protecci\u00f3n M\u00e1s Informaci\u00f3n \u200b Efectivo desde: 1 de junio de 2020 Sabemos que usted se ocupa de c\u00f3mo se usa y comparte la informaci\u00f3n sobre usted y le agradecemos su confianza en nosotros para hacerlo con cuidado y prudencia. Estamos muy comprometidos a mantener la confidencialidad [&hellip;]<\/p>\n","protected":false},"author":1,"featured_media":0,"parent":0,"menu_order":0,"comment_status":"closed","ping_status":"closed","template":"","meta":[],"yst_prominent_words":[177,161,159,175,168,174,166,13,167,173,165,164,171,176,160,163,169,162,170,172],"_links":{"self":[{"href":"https:\/\/ggg.do\/es\/wp-json\/wp\/v2\/pages\/3"}],"collection":[{"href":"https:\/\/ggg.do\/es\/wp-json\/wp\/v2\/pages"}],"about":[{"href":"https:\/\/ggg.do\/es\/wp-json\/wp\/v2\/types\/page"}],"author":[{"embeddable":true,"href":"https:\/\/ggg.do\/es\/wp-json\/wp\/v2\/users\/1"}],"replies":[{"embeddable":true,"href":"https:\/\/ggg.do\/es\/wp-json\/wp\/v2\/comments?post=3"}],"version-history":[{"count":5,"href":"https:\/\/ggg.do\/es\/wp-json\/wp\/v2\/pages\/3\/revisions"}],"predecessor-version":[{"id":1734,"href":"https:\/\/ggg.do\/es\/wp-json\/wp\/v2\/pages\/3\/revisions\/1734"}],"wp:attachment":[{"href":"https:\/\/ggg.do\/es\/wp-json\/wp\/v2\/media?parent=3"}],"wp:term":[{"taxonomy":"yst_prominent_words","embeddable":true,"href":"https:\/\/ggg.do\/es\/wp-json\/wp\/v2\/yst_prominent_words?post=3"}],"curies":[{"name":"wp","href":"https:\/\/api.w.org\/{rel}","templated":true}]}}