{"id":944,"date":"2020-06-11T18:56:05","date_gmt":"2020-06-11T18:56:05","guid":{"rendered":"http:\/\/ggg.do\/es\/?page_id=944"},"modified":"2020-09-18T13:58:42","modified_gmt":"2020-09-18T13:58:42","slug":"terminus","status":"publish","type":"page","link":"https:\/\/ggg.do\/es\/terminus\/","title":{"rendered":"Terminos"},"content":{"rendered":"\t\t<div data-elementor-type=\"wp-page\" data-elementor-id=\"944\" class=\"elementor elementor-944\" data-elementor-settings=\"[]\">\n\t\t\t\t\t\t<div class=\"elementor-inner\">\n\t\t\t\t\t\t\t<div class=\"elementor-section-wrap\">\n\t\t\t\t\t\t\t<section class=\"elementor-section elementor-top-section elementor-element elementor-element-65cd79a elementor-section-boxed elementor-section-height-default elementor-section-height-default\" data-id=\"65cd79a\" data-element_type=\"section\" data-settings=\"{&quot;background_background&quot;:&quot;classic&quot;}\">\n\t\t\t\t\t\t<div class=\"elementor-container elementor-column-gap-default\">\n\t\t\t\t\t\t\t<div class=\"elementor-row\">\n\t\t\t\t\t<div class=\"elementor-column elementor-col-100 elementor-top-column elementor-element elementor-element-5657248\" data-id=\"5657248\" data-element_type=\"column\">\n\t\t\t<div class=\"elementor-column-wrap elementor-element-populated\">\n\t\t\t\t\t\t\t<div class=\"elementor-widget-wrap\">\n\t\t\t\t\t\t<div class=\"elementor-element elementor-element-289261d elementor-widget elementor-widget-heading\" data-id=\"289261d\" data-element_type=\"widget\" data-widget_type=\"heading.default\">\n\t\t\t\t<div class=\"elementor-widget-container\">\n\t\t\t<h1 class=\"elementor-heading-title elementor-size-default\">T\u00e9rminos de uso<\/h1>\t\t<\/div>\n\t\t\t\t<\/div>\n\t\t\t\t\t\t<\/div>\n\t\t\t\t\t<\/div>\n\t\t<\/div>\n\t\t\t\t\t\t\t\t<\/div>\n\t\t\t\t\t<\/div>\n\t\t<\/section>\n\t\t\t\t<section class=\"elementor-section elementor-top-section elementor-element elementor-element-e3bff74 elementor-section-boxed elementor-section-height-default elementor-section-height-default\" data-id=\"e3bff74\" data-element_type=\"section\">\n\t\t\t\t\t\t<div class=\"elementor-container elementor-column-gap-default\">\n\t\t\t\t\t\t\t<div class=\"elementor-row\">\n\t\t\t\t\t<div class=\"elementor-column elementor-col-50 elementor-top-column elementor-element elementor-element-166c701\" data-id=\"166c701\" data-element_type=\"column\">\n\t\t\t<div class=\"elementor-column-wrap elementor-element-populated\">\n\t\t\t\t\t\t\t<div class=\"elementor-widget-wrap\">\n\t\t\t\t\t\t<div class=\"elementor-element elementor-element-599ada2 elementor-widget elementor-widget-heading\" data-id=\"599ada2\" data-element_type=\"widget\" data-widget_type=\"heading.default\">\n\t\t\t\t<div class=\"elementor-widget-container\">\n\t\t\t<h2 class=\"elementor-heading-title elementor-size-default\">NAVEGACI\u00d3N<\/h2>\t\t<\/div>\n\t\t\t\t<\/div>\n\t\t\t\t<div class=\"elementor-element elementor-element-588c71d elementor-align-left elementor-icon-list--layout-traditional elementor-list-item-link-full_width elementor-widget elementor-widget-icon-list\" data-id=\"588c71d\" data-element_type=\"widget\" data-widget_type=\"icon-list.default\">\n\t\t\t\t<div class=\"elementor-widget-container\">\n\t\t\t\t\t<ul class=\"elementor-icon-list-items\">\n\t\t\t\t\t\t\t<li class=\"elementor-icon-list-item\">\n\t\t\t\t\t<a href=\"#information\">\t\t\t\t\t<span class=\"elementor-icon-list-text\">Recolecci\u00f3n de informaci\u00f3n<\/span>\n\t\t\t\t\t\t\t\t\t\t\t<\/a>\n\t\t\t\t\t\t\t\t\t<\/li>\n\t\t\t\t\t\t\t\t<li class=\"elementor-icon-list-item\">\n\t\t\t\t\t<a href=\"#usage\">\t\t\t\t\t<span class=\"elementor-icon-list-text\">Uso<\/span>\n\t\t\t\t\t\t\t\t\t\t\t<\/a>\n\t\t\t\t\t\t\t\t\t<\/li>\n\t\t\t\t\t\t\t\t<li class=\"elementor-icon-list-item\">\n\t\t\t\t\t<a href=\"#cookies\">\t\t\t\t\t<span class=\"elementor-icon-list-text\">Cookies<\/span>\n\t\t\t\t\t\t\t\t\t\t\t<\/a>\n\t\t\t\t\t\t\t\t\t<\/li>\n\t\t\t\t\t\t\t\t<li class=\"elementor-icon-list-item\">\n\t\t\t\t\t<a href=\"#protection\">\t\t\t\t\t<span class=\"elementor-icon-list-text\">Protecci\u00f3n<\/span>\n\t\t\t\t\t\t\t\t\t\t\t<\/a>\n\t\t\t\t\t\t\t\t\t<\/li>\n\t\t\t\t\t\t\t\t<li class=\"elementor-icon-list-item\">\n\t\t\t\t\t<a href=\"#more\">\t\t\t\t\t<span class=\"elementor-icon-list-text\">M\u00e1s Informaci\u00f3n \u200b<\/span>\n\t\t\t\t\t\t\t\t\t\t\t<\/a>\n\t\t\t\t\t\t\t\t\t<\/li>\n\t\t\t\t\t\t<\/ul>\n\t\t\t\t<\/div>\n\t\t\t\t<\/div>\n\t\t\t\t\t\t<\/div>\n\t\t\t\t\t<\/div>\n\t\t<\/div>\n\t\t\t\t<div class=\"elementor-column elementor-col-50 elementor-top-column elementor-element elementor-element-1de14dd\" data-id=\"1de14dd\" data-element_type=\"column\">\n\t\t\t<div class=\"elementor-column-wrap elementor-element-populated\">\n\t\t\t\t\t\t\t<div class=\"elementor-widget-wrap\">\n\t\t\t\t\t\t<div class=\"elementor-element elementor-element-70c113e elementor-widget elementor-widget-heading\" data-id=\"70c113e\" data-element_type=\"widget\" data-widget_type=\"heading.default\">\n\t\t\t\t<div class=\"elementor-widget-container\">\n\t\t\t<h2 class=\"elementor-heading-title elementor-size-default\">Efectivo desde: 1 de junio de 2020<\/h2>\t\t<\/div>\n\t\t\t\t<\/div>\n\t\t\t\t<div class=\"elementor-element elementor-element-d8787e8 elementor-widget elementor-widget-menu-anchor\" data-id=\"d8787e8\" data-element_type=\"widget\" data-widget_type=\"menu-anchor.default\">\n\t\t\t\t<div class=\"elementor-widget-container\">\n\t\t\t\t\t<div id=\"information\" class=\"elementor-menu-anchor\"><\/div>\n\t\t\t\t<\/div>\n\t\t\t\t<\/div>\n\t\t\t\t<div class=\"elementor-element elementor-element-6734e33 elementor-widget elementor-widget-text-editor\" data-id=\"6734e33\" data-element_type=\"widget\" data-widget_type=\"text-editor.default\">\n\t\t\t\t<div class=\"elementor-widget-container\">\n\t\t\t\t\t<div class=\"elementor-text-editor elementor-clearfix\"><p>Sabemos que usted se ocupa de c\u00f3mo se usa y comparte la informaci\u00f3n sobre usted y le agradecemos su confianza en nosotros para hacerlo con cuidado y prudencia. Estamos muy comprometidos a mantener la confidencialidad de cualquier informaci\u00f3n comercial o personal de nuestros usuarios. Este aviso describe nuestra pol\u00edtica de privacidad y es parte de los t\u00e9rminos y condiciones de nuestro sitio web y el servicio (\u201cSitio web y t\u00e9rminos de servicio\u201d).<\/p><p>Al visitar\u00a0<strong>ggg.do, godgreatestgift.org<\/strong>\u00a0o cualquiera de sus dominios (\u201cEl Sitio\u201d), usted acepta y consiente las pr\u00e1cticas descritas en esta Pol\u00edtica de privacidad.<\/p><p>El sitio web es presentado por God\u2019s Greatest Gift Inc. Creemos que es importante proteger sus datos personales y estamos comprometidos a proteger su privacidad. Esta pol\u00edtica explica c\u00f3mo podemos recopilar datos personales sobre usted.<\/p><\/div>\n\t\t\t\t<\/div>\n\t\t\t\t<\/div>\n\t\t\t\t<div class=\"elementor-element elementor-element-d2a2db5 elementor-widget elementor-widget-menu-anchor\" data-id=\"d2a2db5\" data-element_type=\"widget\" data-widget_type=\"menu-anchor.default\">\n\t\t\t\t<div class=\"elementor-widget-container\">\n\t\t\t\t\t<div id=\"usage\" class=\"elementor-menu-anchor\"><\/div>\n\t\t\t\t<\/div>\n\t\t\t\t<\/div>\n\t\t\t\t<div class=\"elementor-element elementor-element-a5e291c elementor-widget elementor-widget-heading\" data-id=\"a5e291c\" data-element_type=\"widget\" data-widget_type=\"heading.default\">\n\t\t\t\t<div class=\"elementor-widget-container\">\n\t\t\t<h2 class=\"elementor-heading-title elementor-size-default\">Recolecci\u00f3n de informaci\u00f3n<\/h2>\t\t<\/div>\n\t\t\t\t<\/div>\n\t\t\t\t<div class=\"elementor-element elementor-element-de537ba elementor-widget elementor-widget-text-editor\" data-id=\"de537ba\" data-element_type=\"widget\" data-widget_type=\"text-editor.default\">\n\t\t\t\t<div class=\"elementor-widget-container\">\n\t\t\t\t\t<div class=\"elementor-text-editor elementor-clearfix\"><p>Podemos recopilar informaci\u00f3n personal suya, como su nombre, direcci\u00f3n de correo electr\u00f3nico, direcci\u00f3n postal, n\u00famero de tel\u00e9fono, informaci\u00f3n de la tarjeta de cr\u00e9dito, etc., cuando realiza una donaci\u00f3n o un pago en l\u00ednea, guarda su informaci\u00f3n con nosotros o se puede poner \u00a0en contacto con nosotros si tiene alguna \u00a0pregunta o preocupaci\u00f3n. Mantenemos un registro de su donaci\u00f3n o pago en l\u00ednea seg\u00fan sea necesario para procesar su donaci\u00f3n o pago en l\u00ednea.<\/p><\/div>\n\t\t\t\t<\/div>\n\t\t\t\t<\/div>\n\t\t\t\t<div class=\"elementor-element elementor-element-5ebd7c0 elementor-widget elementor-widget-heading\" data-id=\"5ebd7c0\" data-element_type=\"widget\" data-widget_type=\"heading.default\">\n\t\t\t\t<div class=\"elementor-widget-container\">\n\t\t\t<h2 class=\"elementor-heading-title elementor-size-default\">Uso<\/h2>\t\t<\/div>\n\t\t\t\t<\/div>\n\t\t\t\t<div class=\"elementor-element elementor-element-689ad92 elementor-widget elementor-widget-text-editor\" data-id=\"689ad92\" data-element_type=\"widget\" data-widget_type=\"text-editor.default\">\n\t\t\t\t<div class=\"elementor-widget-container\">\n\t\t\t\t\t<div class=\"elementor-text-editor elementor-clearfix\"><p>Podemos utilizar su informaci\u00f3n personal de las siguientes formas:<\/p><ul><li>Para procesar y proceder con su solicitud de donaci\u00f3n o pago en l\u00ednea<\/li><li>Para comunicarnos con usted y enviarle informaci\u00f3n por correo electr\u00f3nico, correo postal, tel\u00e9fono seg\u00fan sea necesario para procesar su donaci\u00f3n o pago en l\u00ednea.<\/li><li>Para ayudarnos a abordar problemas y mejorar el dise\u00f1o de nuestro sitio.<\/li><li>Para proteger la seguridad o integridad de nuestro sitio web y misi\u00f3n.<\/li><li>Para contactarlo si es necesario<\/li><\/ul><p><strong>\u00bfGod\u2019s Greatest Gift comparte mi\u00a0<\/strong><b>informaci\u00f3n?<\/b><\/p><p>No compartimos su informaci\u00f3n. Solo usaremos la informaci\u00f3n para procesar su donaci\u00f3n o solicitud de pago en l\u00ednea.<\/p><\/div>\n\t\t\t\t<\/div>\n\t\t\t\t<\/div>\n\t\t\t\t<div class=\"elementor-element elementor-element-70099f1 elementor-widget elementor-widget-menu-anchor\" data-id=\"70099f1\" data-element_type=\"widget\" data-widget_type=\"menu-anchor.default\">\n\t\t\t\t<div class=\"elementor-widget-container\">\n\t\t\t\t\t<div id=\"cookies\" class=\"elementor-menu-anchor\"><\/div>\n\t\t\t\t<\/div>\n\t\t\t\t<\/div>\n\t\t\t\t<div class=\"elementor-element elementor-element-8072282 elementor-widget elementor-widget-heading\" data-id=\"8072282\" data-element_type=\"widget\" data-widget_type=\"heading.default\">\n\t\t\t\t<div class=\"elementor-widget-container\">\n\t\t\t<h2 class=\"elementor-heading-title elementor-size-default\">Cookies<\/h2>\t\t<\/div>\n\t\t\t\t<\/div>\n\t\t\t\t<div class=\"elementor-element elementor-element-74e6169 elementor-widget elementor-widget-text-editor\" data-id=\"74e6169\" data-element_type=\"widget\" data-widget_type=\"text-editor.default\">\n\t\t\t\t<div class=\"elementor-widget-container\">\n\t\t\t\t\t<div class=\"elementor-text-editor elementor-clearfix\"><p><strong>Uso de Cookies<\/strong><\/p><p>Nuestro sitio web utiliza \u201ccookies\u201d, que son peque\u00f1os archivos de datos que se almacenan en su computadora cuando visita un sitio web. Las cookies le permiten donar o pagar en nuestro sitio web.<\/p><p>Puede configurar su navegador para que no acepte cookies o para que le notifique cuando se le env\u00ede un cookie, d\u00e1ndole la oportunidad de decidir si la acepta o no. Sin embargo, si no acepta las cookies, no podr\u00e1 acceder a la informaci\u00f3n de su cuenta ni realizar donaciones o pagos en nuestro sitio web.<\/p><p><strong>Etiquetas de p\u00edxeles<\/strong><\/p><p>Usamos \u201cetiquetas de p\u00edxeles\u201d (tambi\u00e9n llamadas \u201cbalizas web\u201d o \u201cgifs transparentes\u201d), que son peque\u00f1as im\u00e1genes gr\u00e1ficas, en nuestros sitios web y en nuestros correos electr\u00f3nicos.<\/p><p>Las etiquetas de p\u00edxel en nuestros sitios se pueden utilizar para recopilar informaci\u00f3n sobre su visita, incluidas las p\u00e1ginas que visita, las funciones que utiliza, los enlaces en los que hace clic y otras acciones que realiza en relaci\u00f3n con el sitio. Esta informaci\u00f3n puede incluir la direcci\u00f3n de Protocolo de Internet (IP) de su computadora, su tipo de navegador, su sistema operativo, informaci\u00f3n de fecha, hora y otra informaci\u00f3n t\u00e9cnica sobre su computadora.<\/p><p>Tambi\u00e9n podemos rastrear cierta informaci\u00f3n sobre la identidad del sitio web que visit\u00f3 inmediatamente antes de visitar nuestro sitio. De lo contrario, no rastreamos ninguna informaci\u00f3n sobre su uso de otros sitios web.<\/p><\/div>\n\t\t\t\t<\/div>\n\t\t\t\t<\/div>\n\t\t\t\t<div class=\"elementor-element elementor-element-e14bded elementor-widget elementor-widget-menu-anchor\" data-id=\"e14bded\" data-element_type=\"widget\" data-widget_type=\"menu-anchor.default\">\n\t\t\t\t<div class=\"elementor-widget-container\">\n\t\t\t\t\t<div id=\"protection\" class=\"elementor-menu-anchor\"><\/div>\n\t\t\t\t<\/div>\n\t\t\t\t<\/div>\n\t\t\t\t<div class=\"elementor-element elementor-element-e2ab7e0 elementor-widget elementor-widget-heading\" data-id=\"e2ab7e0\" data-element_type=\"widget\" data-widget_type=\"heading.default\">\n\t\t\t\t<div class=\"elementor-widget-container\">\n\t\t\t<h2 class=\"elementor-heading-title elementor-size-default\">Protecci\u00f3n <\/h2>\t\t<\/div>\n\t\t\t\t<\/div>\n\t\t\t\t<div class=\"elementor-element elementor-element-db22e98 elementor-widget elementor-widget-text-editor\" data-id=\"db22e98\" data-element_type=\"widget\" data-widget_type=\"text-editor.default\">\n\t\t\t\t<div class=\"elementor-widget-container\">\n\t\t\t\t\t<div class=\"elementor-text-editor elementor-clearfix\"><p><strong>Informaci\u00f3n de la persona<\/strong><\/p><p>Hacemos todo lo posible para brindarle una experiencia en l\u00ednea segura y conveniente. Contamos con ciertas garant\u00edas f\u00edsicas, electr\u00f3nicas, contractuales y administrativas para proteger la seguridad y privacidad de su informaci\u00f3n personal.<\/p><p>Cuando ingresa su informaci\u00f3n personal en nuestro sitio web, utilizamos la tecnolog\u00eda Secure Sockets Layer (SSL) para proteger su informaci\u00f3n a medida que se nos transmite. Para asegurarse de que est\u00e1 accediendo a nuestro servidor seguro antes de enviar informaci\u00f3n financiera personal, busque en la esquina inferior izquierda de su navegador. Si ve una llave ininterrumpida o un candado cerrado (seg\u00fan su navegador), SSL est\u00e1 activo. Para verificar la seguridad, mire la URL o la l\u00ednea de ubicaci\u00f3n de su navegador. Si ha accedido a un servidor seguro, los primeros caracteres de la direcci\u00f3n en esa l\u00ednea deben cambiar de \u201chttp\u201d a \u201chttps\u201d.<\/p><p><strong>\u00bfQu\u00e9 es \u201cPHISHING\u201d?<\/strong><\/p><p>El \u201cphishing\u201d es una estafa dise\u00f1ada para robar su informaci\u00f3n personal. Si recibe un correo electr\u00f3nico que parece ser nuestro, solicitando su informaci\u00f3n personal, no responda. Nunca le pediremos su contrase\u00f1a o nombre de usuario por correo electr\u00f3nico.<\/p><p><strong>Enlaces a otros sitios web<\/strong><\/p><p>Para su comodidad e informaci\u00f3n, nuestro sitio web puede contener enlaces a otros sitios, que pueden tener pol\u00edticas de privacidad que difieran de las nuestras. No somos responsables del contenido o las pr\u00e1cticas de ning\u00fan sitio vinculado. Le recomendamos que revise la pol\u00edtica de privacidad de cualquier sitio al que acceda a trav\u00e9s de nuestros sitios.<\/p><\/div>\n\t\t\t\t<\/div>\n\t\t\t\t<\/div>\n\t\t\t\t<div class=\"elementor-element elementor-element-fb0e23b elementor-widget elementor-widget-menu-anchor\" data-id=\"fb0e23b\" data-element_type=\"widget\" data-widget_type=\"menu-anchor.default\">\n\t\t\t\t<div class=\"elementor-widget-container\">\n\t\t\t\t\t<div id=\"more\" class=\"elementor-menu-anchor\"><\/div>\n\t\t\t\t<\/div>\n\t\t\t\t<\/div>\n\t\t\t\t<div class=\"elementor-element elementor-element-5d5b007 elementor-widget elementor-widget-heading\" data-id=\"5d5b007\" data-element_type=\"widget\" data-widget_type=\"heading.default\">\n\t\t\t\t<div class=\"elementor-widget-container\">\n\t\t\t<h2 class=\"elementor-heading-title elementor-size-default\">M\u00e1s Informaci\u00f3n <\/h2>\t\t<\/div>\n\t\t\t\t<\/div>\n\t\t\t\t<div class=\"elementor-element elementor-element-864ce33 elementor-widget elementor-widget-text-editor\" data-id=\"864ce33\" data-element_type=\"widget\" data-widget_type=\"text-editor.default\">\n\t\t\t\t<div class=\"elementor-widget-container\">\n\t\t\t\t\t<div class=\"elementor-text-editor elementor-clearfix\"><p>Si tiene preguntas sobre nuestro T\u00e9rminos de uso, para tomar decisiones sobre la recepci\u00f3n de comunicaciones promocionales, para actualizar su informaci\u00f3n personal o para realizar un pedido, puede comunicarse con GOD GREATEST GIFT por correo electr\u00f3nico, tel\u00e9fono o correo postal.<\/p><p><strong>GOD GREATEST GIFT INC.<\/strong><br \/>2302 Lucaya Lane, Apt D-1,<br \/>Coconut Creek, Fl. 33066<br \/>info@godgreatestgift.org<\/p><\/div>\n\t\t\t\t<\/div>\n\t\t\t\t<\/div>\n\t\t\t\t\t\t<\/div>\n\t\t\t\t\t<\/div>\n\t\t<\/div>\n\t\t\t\t\t\t\t\t<\/div>\n\t\t\t\t\t<\/div>\n\t\t<\/section>\n\t\t\t\t\t\t<\/div>\n\t\t\t\t\t\t<\/div>\n\t\t\t\t\t<\/div>\n\t\t","protected":false},"excerpt":{"rendered":"<p>T\u00e9rminos de uso NAVEGACI\u00d3N Recolecci\u00f3n de informaci\u00f3n Uso Cookies Protecci\u00f3n M\u00e1s Informaci\u00f3n \u200b Efectivo desde: 1 de junio de 2020 Sabemos que usted se ocupa de c\u00f3mo se usa y comparte la informaci\u00f3n sobre usted y le agradecemos su confianza en nosotros para hacerlo con cuidado y prudencia. Estamos muy comprometidos a mantener la confidencialidad [&hellip;]<\/p>\n","protected":false},"author":1,"featured_media":0,"parent":0,"menu_order":0,"comment_status":"closed","ping_status":"closed","template":"","meta":[],"yst_prominent_words":[],"_links":{"self":[{"href":"https:\/\/ggg.do\/es\/wp-json\/wp\/v2\/pages\/944"}],"collection":[{"href":"https:\/\/ggg.do\/es\/wp-json\/wp\/v2\/pages"}],"about":[{"href":"https:\/\/ggg.do\/es\/wp-json\/wp\/v2\/types\/page"}],"author":[{"embeddable":true,"href":"https:\/\/ggg.do\/es\/wp-json\/wp\/v2\/users\/1"}],"replies":[{"embeddable":true,"href":"https:\/\/ggg.do\/es\/wp-json\/wp\/v2\/comments?post=944"}],"version-history":[{"count":16,"href":"https:\/\/ggg.do\/es\/wp-json\/wp\/v2\/pages\/944\/revisions"}],"predecessor-version":[{"id":1738,"href":"https:\/\/ggg.do\/es\/wp-json\/wp\/v2\/pages\/944\/revisions\/1738"}],"wp:attachment":[{"href":"https:\/\/ggg.do\/es\/wp-json\/wp\/v2\/media?parent=944"}],"wp:term":[{"taxonomy":"yst_prominent_words","embeddable":true,"href":"https:\/\/ggg.do\/es\/wp-json\/wp\/v2\/yst_prominent_words?post=944"}],"curies":[{"name":"wp","href":"https:\/\/api.w.org\/{rel}","templated":true}]}}