{"id":3,"date":"2020-06-04T15:47:39","date_gmt":"2020-06-04T15:47:39","guid":{"rendered":"http:\/\/ggg.do\/?page_id=3"},"modified":"2020-08-25T19:53:27","modified_gmt":"2020-08-25T19:53:27","slug":"privacy","status":"publish","type":"page","link":"https:\/\/ggg.do\/fr\/privacy\/","title":{"rendered":"Privacy Policy"},"content":{"rendered":"\t\t<div data-elementor-type=\"wp-page\" data-elementor-id=\"3\" class=\"elementor elementor-3\" data-elementor-settings=\"[]\">\n\t\t\t\t\t\t<div class=\"elementor-inner\">\n\t\t\t\t\t\t\t<div class=\"elementor-section-wrap\">\n\t\t\t\t\t\t\t<section class=\"elementor-section elementor-top-section elementor-element elementor-element-8eb2e6c elementor-section-boxed elementor-section-height-default elementor-section-height-default\" data-id=\"8eb2e6c\" data-element_type=\"section\" data-settings=\"{&quot;background_background&quot;:&quot;classic&quot;}\">\n\t\t\t\t\t\t<div class=\"elementor-container elementor-column-gap-default\">\n\t\t\t\t\t\t\t<div class=\"elementor-row\">\n\t\t\t\t\t<div class=\"elementor-column elementor-col-100 elementor-top-column elementor-element elementor-element-8061863\" data-id=\"8061863\" data-element_type=\"column\">\n\t\t\t<div class=\"elementor-column-wrap elementor-element-populated\">\n\t\t\t\t\t\t\t<div class=\"elementor-widget-wrap\">\n\t\t\t\t\t\t<div class=\"elementor-element elementor-element-3b29e46 elementor-widget elementor-widget-heading\" data-id=\"3b29e46\" data-element_type=\"widget\" data-widget_type=\"heading.default\">\n\t\t\t\t<div class=\"elementor-widget-container\">\n\t\t\t<h1 class=\"elementor-heading-title elementor-size-default\">Politique de confidentialit\u00e9<\/h1>\t\t<\/div>\n\t\t\t\t<\/div>\n\t\t\t\t\t\t<\/div>\n\t\t\t\t\t<\/div>\n\t\t<\/div>\n\t\t\t\t\t\t\t\t<\/div>\n\t\t\t\t\t<\/div>\n\t\t<\/section>\n\t\t\t\t<section class=\"elementor-section elementor-top-section elementor-element elementor-element-5a1a803 elementor-section-boxed elementor-section-height-default elementor-section-height-default\" data-id=\"5a1a803\" data-element_type=\"section\">\n\t\t\t\t\t\t<div class=\"elementor-container elementor-column-gap-default\">\n\t\t\t\t\t\t\t<div class=\"elementor-row\">\n\t\t\t\t\t<div class=\"elementor-column elementor-col-50 elementor-top-column elementor-element elementor-element-b1efe3d\" data-id=\"b1efe3d\" data-element_type=\"column\">\n\t\t\t<div class=\"elementor-column-wrap elementor-element-populated\">\n\t\t\t\t\t\t\t<div class=\"elementor-widget-wrap\">\n\t\t\t\t\t\t<div class=\"elementor-element elementor-element-387c9fa elementor-widget elementor-widget-heading\" data-id=\"387c9fa\" data-element_type=\"widget\" data-widget_type=\"heading.default\">\n\t\t\t\t<div class=\"elementor-widget-container\">\n\t\t\t<h2 class=\"elementor-heading-title elementor-size-default\">NAVIGATION<\/h2>\t\t<\/div>\n\t\t\t\t<\/div>\n\t\t\t\t<div class=\"elementor-element elementor-element-2036135 elementor-align-left elementor-icon-list--layout-traditional elementor-list-item-link-full_width elementor-widget elementor-widget-icon-list\" data-id=\"2036135\" data-element_type=\"widget\" data-widget_type=\"icon-list.default\">\n\t\t\t\t<div class=\"elementor-widget-container\">\n\t\t\t\t\t<ul class=\"elementor-icon-list-items\">\n\t\t\t\t\t\t\t<li class=\"elementor-icon-list-item\">\n\t\t\t\t\t<a href=\"#information\">\t\t\t\t\t<span class=\"elementor-icon-list-text\">Collecte d'informations<\/span>\n\t\t\t\t\t\t\t\t\t\t\t<\/a>\n\t\t\t\t\t\t\t\t\t<\/li>\n\t\t\t\t\t\t\t\t<li class=\"elementor-icon-list-item\">\n\t\t\t\t\t<a href=\"#usage\">\t\t\t\t\t<span class=\"elementor-icon-list-text\">Usage<\/span>\n\t\t\t\t\t\t\t\t\t\t\t<\/a>\n\t\t\t\t\t\t\t\t\t<\/li>\n\t\t\t\t\t\t\t\t<li class=\"elementor-icon-list-item\">\n\t\t\t\t\t<a href=\"#cookies\">\t\t\t\t\t<span class=\"elementor-icon-list-text\">Les cookies<\/span>\n\t\t\t\t\t\t\t\t\t\t\t<\/a>\n\t\t\t\t\t\t\t\t\t<\/li>\n\t\t\t\t\t\t\t\t<li class=\"elementor-icon-list-item\">\n\t\t\t\t\t<a href=\"#protection\">\t\t\t\t\t<span class=\"elementor-icon-list-text\">Protection<\/span>\n\t\t\t\t\t\t\t\t\t\t\t<\/a>\n\t\t\t\t\t\t\t\t\t<\/li>\n\t\t\t\t\t\t\t\t<li class=\"elementor-icon-list-item\">\n\t\t\t\t\t<a href=\"#more\">\t\t\t\t\t<span class=\"elementor-icon-list-text\">Plus d'information<\/span>\n\t\t\t\t\t\t\t\t\t\t\t<\/a>\n\t\t\t\t\t\t\t\t\t<\/li>\n\t\t\t\t\t\t<\/ul>\n\t\t\t\t<\/div>\n\t\t\t\t<\/div>\n\t\t\t\t\t\t<\/div>\n\t\t\t\t\t<\/div>\n\t\t<\/div>\n\t\t\t\t<div class=\"elementor-column elementor-col-50 elementor-top-column elementor-element elementor-element-597f568\" data-id=\"597f568\" data-element_type=\"column\">\n\t\t\t<div class=\"elementor-column-wrap elementor-element-populated\">\n\t\t\t\t\t\t\t<div class=\"elementor-widget-wrap\">\n\t\t\t\t\t\t<div class=\"elementor-element elementor-element-015536f elementor-widget elementor-widget-heading\" data-id=\"015536f\" data-element_type=\"widget\" data-widget_type=\"heading.default\">\n\t\t\t\t<div class=\"elementor-widget-container\">\n\t\t\t<h2 class=\"elementor-heading-title elementor-size-default\">En vigueur depuis: 1 juin 2020<\/h2>\t\t<\/div>\n\t\t\t\t<\/div>\n\t\t\t\t<div class=\"elementor-element elementor-element-04f2eab elementor-widget elementor-widget-menu-anchor\" data-id=\"04f2eab\" data-element_type=\"widget\" data-widget_type=\"menu-anchor.default\">\n\t\t\t\t<div class=\"elementor-widget-container\">\n\t\t\t\t\t<div id=\"information\" class=\"elementor-menu-anchor\"><\/div>\n\t\t\t\t<\/div>\n\t\t\t\t<\/div>\n\t\t\t\t<div class=\"elementor-element elementor-element-2e60cc5 elementor-widget elementor-widget-text-editor\" data-id=\"2e60cc5\" data-element_type=\"widget\" data-widget_type=\"text-editor.default\">\n\t\t\t\t<div class=\"elementor-widget-container\">\n\t\t\t\t\t<div class=\"elementor-text-editor elementor-clearfix\"><p>Nous savons que vous prenez soin de la mani\u00e8re dont les informations vous concernant sont utilis\u00e9es et partag\u00e9es et nous vous remercions de la confiance que vous nous accordez pour le faire avec soin et prudence. Nous nous engageons \u00e0 maintenir la confidentialit\u00e9 de toute information commerciale ou personnelle de nos utilisateurs. Cet avis d\u00e9crit notre politique de confidentialit\u00e9 et fait partie des conditions g\u00e9n\u00e9rales de notre site Web et du service (\u00abSite Web et conditions d&#8217;utilisation\u00bb).<\/p><p>En visitant <strong>ggg.do, godgreatestgift.org<\/strong> ou l&#8217;un de ses domaines (\u00able site\u00bb), vous acceptez et consentez aux pratiques d\u00e9crites dans cette politique de confidentialit\u00e9.<\/p><p>Le site Web vous est pr\u00e9sent\u00e9 par le meilleur cadeau de Dieu Inc. Nous croyons qu&#8217;il est important de prot\u00e9ger vos donn\u00e9es personnelles et nous nous engageons \u00e0 prot\u00e9ger votre vie priv\u00e9e. Cette politique explique comment nous pouvons collecter des donn\u00e9es personnelles vous concernant.<\/p><\/div>\n\t\t\t\t<\/div>\n\t\t\t\t<\/div>\n\t\t\t\t<div class=\"elementor-element elementor-element-a746b51 elementor-widget elementor-widget-menu-anchor\" data-id=\"a746b51\" data-element_type=\"widget\" data-widget_type=\"menu-anchor.default\">\n\t\t\t\t<div class=\"elementor-widget-container\">\n\t\t\t\t\t<div id=\"usage\" class=\"elementor-menu-anchor\"><\/div>\n\t\t\t\t<\/div>\n\t\t\t\t<\/div>\n\t\t\t\t<div class=\"elementor-element elementor-element-c306829 elementor-widget elementor-widget-heading\" data-id=\"c306829\" data-element_type=\"widget\" data-widget_type=\"heading.default\">\n\t\t\t\t<div class=\"elementor-widget-container\">\n\t\t\t<h2 class=\"elementor-heading-title elementor-size-default\">Collecte d'informations<\/h2>\t\t<\/div>\n\t\t\t\t<\/div>\n\t\t\t\t<div class=\"elementor-element elementor-element-8d2d4bd elementor-widget elementor-widget-text-editor\" data-id=\"8d2d4bd\" data-element_type=\"widget\" data-widget_type=\"text-editor.default\">\n\t\t\t\t<div class=\"elementor-widget-container\">\n\t\t\t\t\t<div class=\"elementor-text-editor elementor-clearfix\"><p>Nous pouvons collecter des informations personnelles vous concernant, telles que votre nom, adresse e-mail, adresse postale, num\u00e9ro de t\u00e9l\u00e9phone, informations de carte de cr\u00e9dit, etc., lorsque vous effectuez un don ou un paiement en ligne, enregistrez vos informations avec nous en ligne, ou contactez une question ou pr\u00e9occupation. Nous conservons une trace de votre don ou paiement en ligne si n\u00e9cessaire pour traiter votre don ou paiement en ligne.<\/p><\/div>\n\t\t\t\t<\/div>\n\t\t\t\t<\/div>\n\t\t\t\t<div class=\"elementor-element elementor-element-5848ea2 elementor-widget elementor-widget-heading\" data-id=\"5848ea2\" data-element_type=\"widget\" data-widget_type=\"heading.default\">\n\t\t\t\t<div class=\"elementor-widget-container\">\n\t\t\t<h2 class=\"elementor-heading-title elementor-size-default\">Usage<\/h2>\t\t<\/div>\n\t\t\t\t<\/div>\n\t\t\t\t<div class=\"elementor-element elementor-element-8f344ab elementor-widget elementor-widget-text-editor\" data-id=\"8f344ab\" data-element_type=\"widget\" data-widget_type=\"text-editor.default\">\n\t\t\t\t<div class=\"elementor-widget-container\">\n\t\t\t\t\t<div class=\"elementor-text-editor elementor-clearfix\"><p>Nous pouvons utiliser vos informations personnelles des mani\u00e8res suivantes:<\/p><ul><li>Pour traiter et r\u00e9pondre \u00e0 votre demande de don ou de paiement en ligne<\/li><li>Pour communiquer avec vous et vous envoyer des informations par mail, courrier postal, t\u00e9l\u00e9phone si n\u00e9cessaire pour traiter votre don ou paiement en ligne<\/li><li>Pour nous aider \u00e0 r\u00e9soudre les probl\u00e8mes et \u00e0 am\u00e9liorer la conception de notre site<\/li><li>Pour prot\u00e9ger la s\u00e9curit\u00e9 ou l&#8217;int\u00e9grit\u00e9 de notre site Web et de notre mission<\/li><li>Pour vous contacter si n\u00e9cessaire<\/li><\/ul><p><strong>Le plus grand cadeau de Dieu partage-t-il mes informations.<\/strong><\/p><p>Nous ne partageons pas vos informations. Nous n&#8217;utiliserons ces informations que pour traiter votre don en ligne ou votre demande de paiement.<\/p><\/div>\n\t\t\t\t<\/div>\n\t\t\t\t<\/div>\n\t\t\t\t<div class=\"elementor-element elementor-element-9e37869 elementor-widget elementor-widget-menu-anchor\" data-id=\"9e37869\" data-element_type=\"widget\" data-widget_type=\"menu-anchor.default\">\n\t\t\t\t<div class=\"elementor-widget-container\">\n\t\t\t\t\t<div id=\"cookies\" class=\"elementor-menu-anchor\"><\/div>\n\t\t\t\t<\/div>\n\t\t\t\t<\/div>\n\t\t\t\t<div class=\"elementor-element elementor-element-0fc9183 elementor-widget elementor-widget-heading\" data-id=\"0fc9183\" data-element_type=\"widget\" data-widget_type=\"heading.default\">\n\t\t\t\t<div class=\"elementor-widget-container\">\n\t\t\t<h2 class=\"elementor-heading-title elementor-size-default\">Les cookies<\/h2>\t\t<\/div>\n\t\t\t\t<\/div>\n\t\t\t\t<div class=\"elementor-element elementor-element-dde9709 elementor-widget elementor-widget-text-editor\" data-id=\"dde9709\" data-element_type=\"widget\" data-widget_type=\"text-editor.default\">\n\t\t\t\t<div class=\"elementor-widget-container\">\n\t\t\t\t\t<div class=\"elementor-text-editor elementor-clearfix\"><p><strong>Utilisation des cookies<\/strong><\/p><p>Notre site Web utilise des \u00abcookies\u00bb, qui sont de petits fichiers de donn\u00e9es qui sont stock\u00e9s sur votre ordinateur lorsque vous visitez un site Web. Les cookies vous permettent de faire un don ou de payer sur notre site Web.<\/p><p>Vous pouvez configurer votre navigateur pour ne pas accepter les cookies ou pour vous avertir lorsqu&#8217;un cookie vous est envoy\u00e9, vous donnant la possibilit\u00e9 de d\u00e9cider de l&#8217;accepter ou non. Cependant, si vous n&#8217;acceptez pas les cookies, vous ne pourrez pas acc\u00e9der aux informations de votre compte ou effectuer des dons ou des paiements sur notre site Web.<\/p><p><strong>\u00c9tiquettes de pixel<\/strong><\/p><p>Nous utilisons des \u00abpixels invisibles\u00bb (\u00e9galement appel\u00e9s \u00abbalises Web\u00bb ou \u00abgifs transparents\u00bb), qui sont de petites images graphiques, sur nos sites Web et dans nos courriels.<\/p><p>Les pixels invisibles de nos sites peuvent \u00eatre utilis\u00e9s pour collecter des informations sur votre visite, y compris les pages que vous visitez, les fonctionnalit\u00e9s que vous utilisez, les liens sur lesquels vous cliquez et d&#8217;autres actions que vous effectuez en relation avec le site. Ces informations peuvent inclure l\u2019adresse IP (Internet Protocol) de votre ordinateur, le type de votre navigateur, votre syst\u00e8me d\u2019exploitation, la date et l\u2019heure et d\u2019autres informations techniques sur votre ordinateur.<\/p><p>Nous pouvons \u00e9galement suivre certaines informations sur l&#8217;identit\u00e9 du site Web que vous avez visit\u00e9 imm\u00e9diatement avant de visiter notre site. Sinon, nous ne suivons aucune information sur votre utilisation d&#8217;autres sites Web.<\/p><\/div>\n\t\t\t\t<\/div>\n\t\t\t\t<\/div>\n\t\t\t\t<div class=\"elementor-element elementor-element-79f2b55 elementor-widget elementor-widget-menu-anchor\" data-id=\"79f2b55\" data-element_type=\"widget\" data-widget_type=\"menu-anchor.default\">\n\t\t\t\t<div class=\"elementor-widget-container\">\n\t\t\t\t\t<div id=\"protection\" class=\"elementor-menu-anchor\"><\/div>\n\t\t\t\t<\/div>\n\t\t\t\t<\/div>\n\t\t\t\t<div class=\"elementor-element elementor-element-97bba46 elementor-widget elementor-widget-heading\" data-id=\"97bba46\" data-element_type=\"widget\" data-widget_type=\"heading.default\">\n\t\t\t\t<div class=\"elementor-widget-container\">\n\t\t\t<h2 class=\"elementor-heading-title elementor-size-default\">Protection<\/h2>\t\t<\/div>\n\t\t\t\t<\/div>\n\t\t\t\t<div class=\"elementor-element elementor-element-30f2d9b elementor-widget elementor-widget-text-editor\" data-id=\"30f2d9b\" data-element_type=\"widget\" data-widget_type=\"text-editor.default\">\n\t\t\t\t<div class=\"elementor-widget-container\">\n\t\t\t\t\t<div class=\"elementor-text-editor elementor-clearfix\"><p><strong>Informations personnelles<\/strong><\/p><p>Nous faisons de notre mieux pour vous offrir une exp\u00e9rience en ligne s\u00fbre et pratique. Nous avons mis en place certaines garanties physiques, \u00e9lectroniques, contractuelles et administratives pour prot\u00e9ger la s\u00e9curit\u00e9 et la confidentialit\u00e9 de vos informations personnelles.<\/p><p>Lorsque vous saisissez vos informations personnelles sur notre site Web, nous utilisons la technologie Secure Sockets Layer (SSL) pour prot\u00e9ger vos informations telles qu&#8217;elles nous sont transmises. Pour vous assurer que vous acc\u00e9dez \u00e0 notre serveur s\u00e9curis\u00e9 avant de soumettre des informations financi\u00e8res personnelles, regardez dans le coin inf\u00e9rieur gauche de votre navigateur. Si vous voyez une cl\u00e9 ininterrompue ou un cadenas ferm\u00e9 (selon votre navigateur), alors SSL est actif. Pour v\u00e9rifier la s\u00e9curit\u00e9, regardez l&#8217;URL ou la ligne de localisation de votre navigateur. Si vous avez acc\u00e9d\u00e9 \u00e0 un serveur s\u00e9curis\u00e9, les premiers caract\u00e8res de l&#8217;adresse sur cette ligne doivent passer de \u00abhttp\u00bb \u00e0 \u00abhttps\u00bb.<\/p><p><strong>Qu&#8217;est-ce que &#8220;PHISHING&#8221;?<\/strong><\/p><p>\u00abPhishing\u00bb est une escroquerie con\u00e7ue pour voler vos informations personnelles. Si vous recevez un e-mail qui semble \u00eatre le n\u00f4tre, vous demandant vos informations personnelles, veuillez ne pas r\u00e9pondre. Nous ne vous demanderons jamais votre mot de passe ou votre nom d&#8217;utilisateur par e-mail.<\/p><p><strong>Liens vers d&#8217;autres sites Web<\/strong><\/p><p>Pour votre commodit\u00e9 et votre information, notre site Web peut contenir des liens vers d&#8217;autres sites, qui peuvent avoir des politiques de confidentialit\u00e9 diff\u00e9rentes des n\u00f4tres. Nous ne sommes pas responsables du contenu ou des pratiques de tout site li\u00e9. Nous vous recommandons de consulter la politique de confidentialit\u00e9 de tout site auquel vous acc\u00e9dez via nos sites.<\/p><\/div>\n\t\t\t\t<\/div>\n\t\t\t\t<\/div>\n\t\t\t\t<div class=\"elementor-element elementor-element-4d9ba5d elementor-widget elementor-widget-menu-anchor\" data-id=\"4d9ba5d\" data-element_type=\"widget\" data-widget_type=\"menu-anchor.default\">\n\t\t\t\t<div class=\"elementor-widget-container\">\n\t\t\t\t\t<div id=\"more\" class=\"elementor-menu-anchor\"><\/div>\n\t\t\t\t<\/div>\n\t\t\t\t<\/div>\n\t\t\t\t<div class=\"elementor-element elementor-element-b0fe319 elementor-widget elementor-widget-heading\" data-id=\"b0fe319\" data-element_type=\"widget\" data-widget_type=\"heading.default\">\n\t\t\t\t<div class=\"elementor-widget-container\">\n\t\t\t<h2 class=\"elementor-heading-title elementor-size-default\">Plus d'information<\/h2>\t\t<\/div>\n\t\t\t\t<\/div>\n\t\t\t\t<div class=\"elementor-element elementor-element-fd54600 elementor-widget elementor-widget-text-editor\" data-id=\"fd54600\" data-element_type=\"widget\" data-widget_type=\"text-editor.default\">\n\t\t\t\t<div class=\"elementor-widget-container\">\n\t\t\t\t\t<div class=\"elementor-text-editor elementor-clearfix\"><p>Pour des questions sur notre politique de confidentialit\u00e9, pour prendre des d\u00e9cisions concernant la r\u00e9ception de communications promotionnelles, pour mettre \u00e0 jour vos informations personnelles ou pour passer une commande, vous pouvez contacter GOD GREATEST GIFT par e-mail, t\u00e9l\u00e9phone ou courrier postal.<\/p><p><strong>GOD GREATEST GIFT INC.<\/strong><br \/>2302 Lucaya Lane, Apt D-1,<br \/>Coconut Creek, Fl. 33066<br \/>info@godgreatestgift.org<\/p><\/div>\n\t\t\t\t<\/div>\n\t\t\t\t<\/div>\n\t\t\t\t\t\t<\/div>\n\t\t\t\t\t<\/div>\n\t\t<\/div>\n\t\t\t\t\t\t\t\t<\/div>\n\t\t\t\t\t<\/div>\n\t\t<\/section>\n\t\t\t\t\t\t<\/div>\n\t\t\t\t\t\t<\/div>\n\t\t\t\t\t<\/div>\n\t\t","protected":false},"excerpt":{"rendered":"<p>Politique de confidentialit\u00e9 NAVIGATION Collecte d&#8217;informations Usage Les cookies Protection Plus d&#8217;information En vigueur depuis: 1 juin 2020 Nous savons que vous prenez soin de la mani\u00e8re dont les informations vous concernant sont utilis\u00e9es et partag\u00e9es et nous vous remercions de la confiance que vous nous accordez pour le faire avec soin et prudence. Nous [&hellip;]<\/p>\n","protected":false},"author":1,"featured_media":0,"parent":0,"menu_order":0,"comment_status":"closed","ping_status":"closed","template":"","meta":[],"yst_prominent_words":[150,146,139,157,152,155,140,147,144,143,148,153,151,142,149,154,156,141,145,138],"_links":{"self":[{"href":"https:\/\/ggg.do\/fr\/wp-json\/wp\/v2\/pages\/3"}],"collection":[{"href":"https:\/\/ggg.do\/fr\/wp-json\/wp\/v2\/pages"}],"about":[{"href":"https:\/\/ggg.do\/fr\/wp-json\/wp\/v2\/types\/page"}],"author":[{"embeddable":true,"href":"https:\/\/ggg.do\/fr\/wp-json\/wp\/v2\/users\/1"}],"replies":[{"embeddable":true,"href":"https:\/\/ggg.do\/fr\/wp-json\/wp\/v2\/comments?post=3"}],"version-history":[{"count":5,"href":"https:\/\/ggg.do\/fr\/wp-json\/wp\/v2\/pages\/3\/revisions"}],"predecessor-version":[{"id":1391,"href":"https:\/\/ggg.do\/fr\/wp-json\/wp\/v2\/pages\/3\/revisions\/1391"}],"wp:attachment":[{"href":"https:\/\/ggg.do\/fr\/wp-json\/wp\/v2\/media?parent=3"}],"wp:term":[{"taxonomy":"yst_prominent_words","embeddable":true,"href":"https:\/\/ggg.do\/fr\/wp-json\/wp\/v2\/yst_prominent_words?post=3"}],"curies":[{"name":"wp","href":"https:\/\/api.w.org\/{rel}","templated":true}]}}