{"id":3,"date":"2020-06-04T15:47:39","date_gmt":"2020-06-04T15:47:39","guid":{"rendered":"http:\/\/ggg.do\/?page_id=3"},"modified":"2020-09-24T12:39:47","modified_gmt":"2020-09-24T12:39:47","slug":"privacy","status":"publish","type":"page","link":"https:\/\/ggg.do\/hat\/privacy\/","title":{"rendered":"Privacy Policy"},"content":{"rendered":"\t\t<div data-elementor-type=\"wp-page\" data-elementor-id=\"3\" class=\"elementor elementor-3\" data-elementor-settings=\"[]\">\n\t\t\t\t\t\t<div class=\"elementor-inner\">\n\t\t\t\t\t\t\t<div class=\"elementor-section-wrap\">\n\t\t\t\t\t\t\t<section class=\"elementor-section elementor-top-section elementor-element elementor-element-8eb2e6c elementor-section-boxed elementor-section-height-default elementor-section-height-default\" data-id=\"8eb2e6c\" data-element_type=\"section\" data-settings=\"{&quot;background_background&quot;:&quot;classic&quot;}\">\n\t\t\t\t\t\t<div class=\"elementor-container elementor-column-gap-default\">\n\t\t\t\t\t\t\t<div class=\"elementor-row\">\n\t\t\t\t\t<div class=\"elementor-column elementor-col-100 elementor-top-column elementor-element elementor-element-8061863\" data-id=\"8061863\" data-element_type=\"column\">\n\t\t\t<div class=\"elementor-column-wrap elementor-element-populated\">\n\t\t\t\t\t\t\t<div class=\"elementor-widget-wrap\">\n\t\t\t\t\t\t<div class=\"elementor-element elementor-element-3b29e46 elementor-widget elementor-widget-heading\" data-id=\"3b29e46\" data-element_type=\"widget\" data-widget_type=\"heading.default\">\n\t\t\t\t<div class=\"elementor-widget-container\">\n\t\t\t<h1 class=\"elementor-heading-title elementor-size-default\">R\u00e8gleman sou enf\u00f2masyon prive<\/h1>\t\t<\/div>\n\t\t\t\t<\/div>\n\t\t\t\t\t\t<\/div>\n\t\t\t\t\t<\/div>\n\t\t<\/div>\n\t\t\t\t\t\t\t\t<\/div>\n\t\t\t\t\t<\/div>\n\t\t<\/section>\n\t\t\t\t<section class=\"elementor-section elementor-top-section elementor-element elementor-element-5a1a803 elementor-section-boxed elementor-section-height-default elementor-section-height-default\" data-id=\"5a1a803\" data-element_type=\"section\">\n\t\t\t\t\t\t<div class=\"elementor-container elementor-column-gap-default\">\n\t\t\t\t\t\t\t<div class=\"elementor-row\">\n\t\t\t\t\t<div class=\"elementor-column elementor-col-50 elementor-top-column elementor-element elementor-element-b1efe3d\" data-id=\"b1efe3d\" data-element_type=\"column\">\n\t\t\t<div class=\"elementor-column-wrap elementor-element-populated\">\n\t\t\t\t\t\t\t<div class=\"elementor-widget-wrap\">\n\t\t\t\t\t\t<div class=\"elementor-element elementor-element-387c9fa elementor-widget elementor-widget-heading\" data-id=\"387c9fa\" data-element_type=\"widget\" data-widget_type=\"heading.default\">\n\t\t\t\t<div class=\"elementor-widget-container\">\n\t\t\t<h2 class=\"elementor-heading-title elementor-size-default\">NAVIGASYON<\/h2>\t\t<\/div>\n\t\t\t\t<\/div>\n\t\t\t\t<div class=\"elementor-element elementor-element-2036135 elementor-align-left elementor-icon-list--layout-traditional elementor-list-item-link-full_width elementor-widget elementor-widget-icon-list\" data-id=\"2036135\" data-element_type=\"widget\" data-widget_type=\"icon-list.default\">\n\t\t\t\t<div class=\"elementor-widget-container\">\n\t\t\t\t\t<ul class=\"elementor-icon-list-items\">\n\t\t\t\t\t\t\t<li class=\"elementor-icon-list-item\">\n\t\t\t\t\t<a href=\"#information\">\t\t\t\t\t<span class=\"elementor-icon-list-text\">Koleksyon Enf\u00f2masyon<\/span>\n\t\t\t\t\t\t\t\t\t\t\t<\/a>\n\t\t\t\t\t\t\t\t\t<\/li>\n\t\t\t\t\t\t\t\t<li class=\"elementor-icon-list-item\">\n\t\t\t\t\t<a href=\"#usage\">\t\t\t\t\t<span class=\"elementor-icon-list-text\">Itilizasyon<\/span>\n\t\t\t\t\t\t\t\t\t\t\t<\/a>\n\t\t\t\t\t\t\t\t\t<\/li>\n\t\t\t\t\t\t\t\t<li class=\"elementor-icon-list-item\">\n\t\t\t\t\t<a href=\"#cookies\">\t\t\t\t\t<span class=\"elementor-icon-list-text\">Bonbon<\/span>\n\t\t\t\t\t\t\t\t\t\t\t<\/a>\n\t\t\t\t\t\t\t\t\t<\/li>\n\t\t\t\t\t\t\t\t<li class=\"elementor-icon-list-item\">\n\t\t\t\t\t<a href=\"#protection\">\t\t\t\t\t<span class=\"elementor-icon-list-text\">Pwoteksyon<\/span>\n\t\t\t\t\t\t\t\t\t\t\t<\/a>\n\t\t\t\t\t\t\t\t\t<\/li>\n\t\t\t\t\t\t\t\t<li class=\"elementor-icon-list-item\">\n\t\t\t\t\t<a href=\"#more\">\t\t\t\t\t<span class=\"elementor-icon-list-text\">Plis enfomasyon<\/span>\n\t\t\t\t\t\t\t\t\t\t\t<\/a>\n\t\t\t\t\t\t\t\t\t<\/li>\n\t\t\t\t\t\t<\/ul>\n\t\t\t\t<\/div>\n\t\t\t\t<\/div>\n\t\t\t\t\t\t<\/div>\n\t\t\t\t\t<\/div>\n\t\t<\/div>\n\t\t\t\t<div class=\"elementor-column elementor-col-50 elementor-top-column elementor-element elementor-element-597f568\" data-id=\"597f568\" data-element_type=\"column\">\n\t\t\t<div class=\"elementor-column-wrap elementor-element-populated\">\n\t\t\t\t\t\t\t<div class=\"elementor-widget-wrap\">\n\t\t\t\t\t\t<div class=\"elementor-element elementor-element-015536f elementor-widget elementor-widget-heading\" data-id=\"015536f\" data-element_type=\"widget\" data-widget_type=\"heading.default\">\n\t\t\t\t<div class=\"elementor-widget-container\">\n\t\t\t<h2 class=\"elementor-heading-title elementor-size-default\">Efektif depi: 1 jen 2020<\/h2>\t\t<\/div>\n\t\t\t\t<\/div>\n\t\t\t\t<div class=\"elementor-element elementor-element-04f2eab elementor-widget elementor-widget-menu-anchor\" data-id=\"04f2eab\" data-element_type=\"widget\" data-widget_type=\"menu-anchor.default\">\n\t\t\t\t<div class=\"elementor-widget-container\">\n\t\t\t\t\t<div id=\"information\" class=\"elementor-menu-anchor\"><\/div>\n\t\t\t\t<\/div>\n\t\t\t\t<\/div>\n\t\t\t\t<div class=\"elementor-element elementor-element-2e60cc5 elementor-widget elementor-widget-text-editor\" data-id=\"2e60cc5\" data-element_type=\"widget\" data-widget_type=\"text-editor.default\">\n\t\t\t\t<div class=\"elementor-widget-container\">\n\t\t\t\t\t<div class=\"elementor-text-editor elementor-clearfix\"><p>Nou konnen ke ou pran swen ki jan enf\u00f2masyon sou ou yo itilize ak pataje epi nou rem\u00e8sye ou pou konfyans ou nan nou f\u00e8 sa ak swen ak pridans. Nou tr\u00e8 angaje nan kenbe konfidansyalite nan nenp\u00f2t ki biznis oswa enf\u00f2masyon p\u00e8son\u00e8l nan itilizat\u00e8 nou an. Avi sa a dekri politik vi prive nou yo ak se yon pati nan t\u00e8m ak kondisyon nan sit ent\u00e8n\u00e8t nou an ak s\u00e8vis la (&#8220;Sit w\u00e8b ak Regleman pou S\u00e8vis&#8221;).<\/p><p>L\u00e8 ou vizite <strong>ggg.do, godgreatestgift.org<\/strong> oswa nenp\u00f2t nan dom\u00e8n li yo (&#8220;Sit la&#8221;) w ap aksepte ak konsantman nan pratik ki dekri nan R\u00e8gleman sou enf\u00f2masyon prive sa a.<\/p><p>Se sit ent\u00e8n\u00e8t la te pote ou pa pi gwo kado Inc Bondye a. Nou kw\u00e8 li enp\u00f2tan pou pwoteje done p\u00e8son\u00e8l ou, epi nou pran angajman pou pwoteje vi prive ou. R\u00e8gleman sa a eksplike kijan nou ka kolekte done p\u00e8son\u00e8l sou ou.<\/p><\/div>\n\t\t\t\t<\/div>\n\t\t\t\t<\/div>\n\t\t\t\t<div class=\"elementor-element elementor-element-a746b51 elementor-widget elementor-widget-menu-anchor\" data-id=\"a746b51\" data-element_type=\"widget\" data-widget_type=\"menu-anchor.default\">\n\t\t\t\t<div class=\"elementor-widget-container\">\n\t\t\t\t\t<div id=\"usage\" class=\"elementor-menu-anchor\"><\/div>\n\t\t\t\t<\/div>\n\t\t\t\t<\/div>\n\t\t\t\t<div class=\"elementor-element elementor-element-c306829 elementor-widget elementor-widget-heading\" data-id=\"c306829\" data-element_type=\"widget\" data-widget_type=\"heading.default\">\n\t\t\t\t<div class=\"elementor-widget-container\">\n\t\t\t<h2 class=\"elementor-heading-title elementor-size-default\">Koleksyon Enf\u00f2masyon<\/h2>\t\t<\/div>\n\t\t\t\t<\/div>\n\t\t\t\t<div class=\"elementor-element elementor-element-8d2d4bd elementor-widget elementor-widget-text-editor\" data-id=\"8d2d4bd\" data-element_type=\"widget\" data-widget_type=\"text-editor.default\">\n\t\t\t\t<div class=\"elementor-widget-container\">\n\t\t\t\t\t<div class=\"elementor-text-editor elementor-clearfix\"><p>Nou ka kolekte enf\u00f2masyon p\u00e8son\u00e8l nan men ou, tankou non ou, adr\u00e8s im\u00e8l, adr\u00e8s postal, nimewo telef\u00f2n, enf\u00f2masyon sou kat kredi, elatriye, l\u00e8 ou f\u00e8 yon don oswa peman sou ent\u00e8n\u00e8t, sove enf\u00f2masyon ou av\u00e8k nou sou ent\u00e8n\u00e8t, oswa Kontakte yon kesyon oswa enkyetid. Nou kenbe yon dosye sou don ou oswa peman sou ent\u00e8n\u00e8t jan sa neses\u00e8 nan pwosesis don ou oswa peman sou ent\u00e8n\u00e8t.<\/p><\/div>\n\t\t\t\t<\/div>\n\t\t\t\t<\/div>\n\t\t\t\t<div class=\"elementor-element elementor-element-5848ea2 elementor-widget elementor-widget-heading\" data-id=\"5848ea2\" data-element_type=\"widget\" data-widget_type=\"heading.default\">\n\t\t\t\t<div class=\"elementor-widget-container\">\n\t\t\t<h2 class=\"elementor-heading-title elementor-size-default\">Itilizasyon<\/h2>\t\t<\/div>\n\t\t\t\t<\/div>\n\t\t\t\t<div class=\"elementor-element elementor-element-8f344ab elementor-widget elementor-widget-text-editor\" data-id=\"8f344ab\" data-element_type=\"widget\" data-widget_type=\"text-editor.default\">\n\t\t\t\t<div class=\"elementor-widget-container\">\n\t\t\t\t\t<div class=\"elementor-text-editor elementor-clearfix\"><p>Nou ka itilize enf\u00f2masyon p\u00e8son\u00e8l ou nan fason sa yo:<\/p><ul><li>Pou trete ak satisf\u00e8 demann don ou oswa peman sou ent\u00e8n\u00e8t<\/li><li>Pou kominike av\u00e8k ou epi voye enf\u00f2masyon ou pa im\u00e8l, lap\u00f2s, telef\u00f2n jan sa neses\u00e8 pou trete don ou oswa peman ou sou ent\u00e8n\u00e8t<\/li><li>Pou ede nou adrese pwobl\u00e8m ak amelyore konsepsyon sit nou an<\/li><li>Pou pwoteje sekirite a oswa entegrite nan sit ent\u00e8n\u00e8t nou yo ak misyon<\/li><li>Pou kontakte ou si sa neses\u00e8<\/li><\/ul><p><strong>\u00c8ske pi gwo kado Bondye a pataje enf\u00f2masyon mwen yo.<\/strong><\/p><p>Nou pa pataje enf\u00f2masyon ou yo. Nou pral s\u00e8lman itilize enf\u00f2masyon yo nan pwosesis don sou ent\u00e8n\u00e8t ou oswa demann peman.<\/p><\/div>\n\t\t\t\t<\/div>\n\t\t\t\t<\/div>\n\t\t\t\t<div class=\"elementor-element elementor-element-9e37869 elementor-widget elementor-widget-menu-anchor\" data-id=\"9e37869\" data-element_type=\"widget\" data-widget_type=\"menu-anchor.default\">\n\t\t\t\t<div class=\"elementor-widget-container\">\n\t\t\t\t\t<div id=\"cookies\" class=\"elementor-menu-anchor\"><\/div>\n\t\t\t\t<\/div>\n\t\t\t\t<\/div>\n\t\t\t\t<div class=\"elementor-element elementor-element-0fc9183 elementor-widget elementor-widget-heading\" data-id=\"0fc9183\" data-element_type=\"widget\" data-widget_type=\"heading.default\">\n\t\t\t\t<div class=\"elementor-widget-container\">\n\t\t\t<h2 class=\"elementor-heading-title elementor-size-default\">Bonbon<\/h2>\t\t<\/div>\n\t\t\t\t<\/div>\n\t\t\t\t<div class=\"elementor-element elementor-element-dde9709 elementor-widget elementor-widget-text-editor\" data-id=\"dde9709\" data-element_type=\"widget\" data-widget_type=\"text-editor.default\">\n\t\t\t\t<div class=\"elementor-widget-container\">\n\t\t\t\t\t<div class=\"elementor-text-editor elementor-clearfix\"><p><strong>S\u00e8vi ak bonbon<\/strong><\/p><p>Sit ent\u00e8n\u00e8t nou an itilize &#8220;bonbon&#8221;, ki se ti dosye done ki estoke sou \u00f2dinat\u00e8 ou l\u00e8 ou vizite yon sit ent\u00e8n\u00e8t. Bonbon p\u00e8m\u00e8t ou bay oswa peye sou sit ent\u00e8n\u00e8t nou an.<\/p><p>Ou ka configured navigat\u00e8 ou a pa aksepte bonbon oswa f\u00e8 w konnen l\u00e8 yo voye yon bonbon ba ou, ba ou op\u00f2tinite pou deside si ou aksepte li oswa ou pa. Sepandan, si ou pa aksepte bonbon, ou pa yo pral kapab jwenn aks\u00e8 nan enf\u00f2masyon kont ou oswa f\u00e8 don oswa peman sou sit ent\u00e8n\u00e8t nou an.<\/p><p><strong>Etik\u00e8t piks\u00e8l<\/strong><\/p><p>Nou itilize &#8220;Tags pixel&#8221; (yo rele tou &#8220;al\u00e8t ent\u00e8n\u00e8t&#8221; oswa &#8220;gif transparan&#8221;), ki se ti imaj grafik, sou sit ent\u00e8n\u00e8t nou yo ak nan Im\u00e8l nou yo.<\/p><p>Tags piks\u00e8l sou sit nou yo ka itilize pou kolekte enf\u00f2masyon sou vizit ou, ki gen ladan paj ou vizite yo, karakteristik ou itilize yo, lyen ou klike sou yo, ak l\u00f2t aksyon ou pran an koneksyon av\u00e8k sit la. Enf\u00f2masyon sa a ka gen ladan adr\u00e8s ent\u00e8n\u00e8t Pwotok\u00f2l (IP) \u00f2dinat\u00e8 w lan, kalite navigat\u00e8 ou a, sist\u00e8m opere ou, dat ak l\u00e8 enf\u00f2masyon, ak l\u00f2t enf\u00f2masyon teknik sou \u00f2dinat\u00e8 ou.<\/p><p>Nou ka swiv tou s\u00e8ten enf\u00f2masyon sou idantite sit ent\u00e8n\u00e8t ou te vizite imedyatman anvan ou vizite sit nou an. Sinon, nou pa swiv nenp\u00f2t enf\u00f2masyon sou itilizasyon ou nan l\u00f2t sit ent\u00e8n\u00e8t.<\/p><\/div>\n\t\t\t\t<\/div>\n\t\t\t\t<\/div>\n\t\t\t\t<div class=\"elementor-element elementor-element-79f2b55 elementor-widget elementor-widget-menu-anchor\" data-id=\"79f2b55\" data-element_type=\"widget\" data-widget_type=\"menu-anchor.default\">\n\t\t\t\t<div class=\"elementor-widget-container\">\n\t\t\t\t\t<div id=\"protection\" class=\"elementor-menu-anchor\"><\/div>\n\t\t\t\t<\/div>\n\t\t\t\t<\/div>\n\t\t\t\t<div class=\"elementor-element elementor-element-97bba46 elementor-widget elementor-widget-heading\" data-id=\"97bba46\" data-element_type=\"widget\" data-widget_type=\"heading.default\">\n\t\t\t\t<div class=\"elementor-widget-container\">\n\t\t\t<h2 class=\"elementor-heading-title elementor-size-default\">Pwoteksyon<\/h2>\t\t<\/div>\n\t\t\t\t<\/div>\n\t\t\t\t<div class=\"elementor-element elementor-element-30f2d9b elementor-widget elementor-widget-text-editor\" data-id=\"30f2d9b\" data-element_type=\"widget\" data-widget_type=\"text-editor.default\">\n\t\t\t\t<div class=\"elementor-widget-container\">\n\t\t\t\t\t<div class=\"elementor-text-editor elementor-clearfix\"><p><strong>Enf\u00f2masyon sou Persona<\/strong><\/p><p>Nou f\u00e8 pi byen nou yo ba ou ak yon eksperyans san danje epi pratik sou ent\u00e8n\u00e8t. Nou gen s\u00e8ten garanti fizik, elektwonik, kontra ak administratif an plas pou pwoteje sekirite ak vi prive enf\u00f2masyon p\u00e8son\u00e8l ou yo.<\/p><p>L\u00e8 ou antre nan enf\u00f2masyon p\u00e8son\u00e8l ou sou sit ent\u00e8n\u00e8t nou an, nou itilize Secure Sockets Layer (SSL) teknoloji pou pwoteje enf\u00f2masyon ou jan li transm\u00e8t nou. Pou asire ke ou gen aks\u00e8 nan s\u00e8v\u00e8 sekirite nou an anvan ou soum\u00e8t enf\u00f2masyon p\u00e8son\u00e8l finansye, gade nan kwen g\u00f2ch anba nan navigat\u00e8 ou a. Si ou w\u00e8 yon kle san enteripsyon oswa yon kadna f\u00e8men (ki depann sou navigat\u00e8 ou a), L\u00e8 sa a, SSL aktif. Pou verifye sekirite, gade URL la oswa liy kote nan navigat\u00e8 ou a. Si ou te jwenn aks\u00e8 nan yon s\u00e8v\u00e8 ki an sekirite, karakt\u00e8 yo premye nan adr\u00e8s la sou liy sa ta dwe chanje soti nan &#8220;http&#8221; nan &#8220;https&#8221;.<\/p><p><strong>Ki sa ki &#8220;PHISHING&#8221;?<\/strong><\/p><p>&#8220;Phishing&#8221; se yon tronpe ki f\u00e8t yo v\u00f2l\u00e8 enf\u00f2masyon p\u00e8son\u00e8l ou. Si ou resevwa yon im\u00e8l ki par\u00e8t pou nou, pou mande enf\u00f2masyon p\u00e8son\u00e8l ou, tanpri pa reponn. Nou pap janm mande w modpas ou oswa non itilizat\u00e8 pa im\u00e8l.<\/p><p><strong>Lyen ak l\u00f2t sit ent\u00e8n\u00e8t<\/strong><\/p><p>Pou konvenyans ou ak enf\u00f2masyon, sit ent\u00e8n\u00e8t nou an ka gen ladan lyen ki mennen nan l\u00f2t sit, ki ka gen r\u00e8gleman sou vi prive ki diferan de nou. Nou pa responsab pou kontni an oswa pratik nan nenp\u00f2t ki sit lye. Nou rek\u00f2mande ke ou revize r\u00e8gleman sou enf\u00f2masyon prive nan nenp\u00f2t ki sit ou jwenn aks\u00e8 nan sit nou an.<\/p><\/div>\n\t\t\t\t<\/div>\n\t\t\t\t<\/div>\n\t\t\t\t<div class=\"elementor-element elementor-element-4d9ba5d elementor-widget elementor-widget-menu-anchor\" data-id=\"4d9ba5d\" data-element_type=\"widget\" data-widget_type=\"menu-anchor.default\">\n\t\t\t\t<div class=\"elementor-widget-container\">\n\t\t\t\t\t<div id=\"more\" class=\"elementor-menu-anchor\"><\/div>\n\t\t\t\t<\/div>\n\t\t\t\t<\/div>\n\t\t\t\t<div class=\"elementor-element elementor-element-b0fe319 elementor-widget elementor-widget-heading\" data-id=\"b0fe319\" data-element_type=\"widget\" data-widget_type=\"heading.default\">\n\t\t\t\t<div class=\"elementor-widget-container\">\n\t\t\t<h2 class=\"elementor-heading-title elementor-size-default\">Plis enfomasyon<\/h2>\t\t<\/div>\n\t\t\t\t<\/div>\n\t\t\t\t<div class=\"elementor-element elementor-element-fd54600 elementor-widget elementor-widget-text-editor\" data-id=\"fd54600\" data-element_type=\"widget\" data-widget_type=\"text-editor.default\">\n\t\t\t\t<div class=\"elementor-widget-container\">\n\t\t\t\t\t<div class=\"elementor-text-editor elementor-clearfix\"><p>Pou kesyon sou politik vi prive nou an, pou pran desizyon pou resevwa kominikasyon pwomosyon\u00e8l, pou mete ajou enf\u00f2masyon p\u00e8son\u00e8l ou oswa pou f\u00e8 yon l\u00f2d, ou ka kontakte BONDYE GWO KADO pa im\u00e8l, telef\u00f2n oswa lap\u00f2s.<\/p><p><strong>GOD GREATEST GIFT INC.<\/strong><br \/>2302 Lucaya Lane, Apt D-1,<br \/>Coconut Creek, Fl. 33066<br \/>info@godgreatestgift.org<\/p><\/div>\n\t\t\t\t<\/div>\n\t\t\t\t<\/div>\n\t\t\t\t\t\t<\/div>\n\t\t\t\t\t<\/div>\n\t\t<\/div>\n\t\t\t\t\t\t\t\t<\/div>\n\t\t\t\t\t<\/div>\n\t\t<\/section>\n\t\t\t\t\t\t<\/div>\n\t\t\t\t\t\t<\/div>\n\t\t\t\t\t<\/div>\n\t\t","protected":false},"excerpt":{"rendered":"<p>R\u00e8gleman sou enf\u00f2masyon prive NAVIGASYON Koleksyon Enf\u00f2masyon Itilizasyon Bonbon Pwoteksyon Plis enfomasyon Efektif depi: 1 jen 2020 Nou konnen ke ou pran swen ki jan enf\u00f2masyon sou ou yo itilize ak pataje epi nou rem\u00e8sye ou pou konfyans ou nan nou f\u00e8 sa ak swen ak pridans. Nou tr\u00e8 angaje nan kenbe konfidansyalite nan nenp\u00f2t [&hellip;]<\/p>\n","protected":false},"author":1,"featured_media":0,"parent":0,"menu_order":0,"comment_status":"closed","ping_status":"closed","template":"","meta":[],"yst_prominent_words":[128,118,115,126,121,131,122,117,133,129,124,116,127,123,120,114,125,132,130,119],"_links":{"self":[{"href":"https:\/\/ggg.do\/hat\/wp-json\/wp\/v2\/pages\/3"}],"collection":[{"href":"https:\/\/ggg.do\/hat\/wp-json\/wp\/v2\/pages"}],"about":[{"href":"https:\/\/ggg.do\/hat\/wp-json\/wp\/v2\/types\/page"}],"author":[{"embeddable":true,"href":"https:\/\/ggg.do\/hat\/wp-json\/wp\/v2\/users\/1"}],"replies":[{"embeddable":true,"href":"https:\/\/ggg.do\/hat\/wp-json\/wp\/v2\/comments?post=3"}],"version-history":[{"count":9,"href":"https:\/\/ggg.do\/hat\/wp-json\/wp\/v2\/pages\/3\/revisions"}],"predecessor-version":[{"id":1453,"href":"https:\/\/ggg.do\/hat\/wp-json\/wp\/v2\/pages\/3\/revisions\/1453"}],"wp:attachment":[{"href":"https:\/\/ggg.do\/hat\/wp-json\/wp\/v2\/media?parent=3"}],"wp:term":[{"taxonomy":"yst_prominent_words","embeddable":true,"href":"https:\/\/ggg.do\/hat\/wp-json\/wp\/v2\/yst_prominent_words?post=3"}],"curies":[{"name":"wp","href":"https:\/\/api.w.org\/{rel}","templated":true}]}}