{"id":3,"date":"2020-06-04T15:47:39","date_gmt":"2020-06-04T15:47:39","guid":{"rendered":"http:\/\/ggg.do\/?page_id=3"},"modified":"2020-10-14T22:21:09","modified_gmt":"2020-10-14T22:21:09","slug":"privacy","status":"publish","type":"page","link":"https:\/\/ggg.do\/it\/privacy\/","title":{"rendered":"Privacy Policy"},"content":{"rendered":"\t\t<div data-elementor-type=\"wp-page\" data-elementor-id=\"3\" class=\"elementor elementor-3\" data-elementor-settings=\"[]\">\n\t\t\t\t\t\t<div class=\"elementor-inner\">\n\t\t\t\t\t\t\t<div class=\"elementor-section-wrap\">\n\t\t\t\t\t\t\t<section class=\"elementor-section elementor-top-section elementor-element elementor-element-8eb2e6c elementor-section-boxed elementor-section-height-default elementor-section-height-default\" data-id=\"8eb2e6c\" data-element_type=\"section\" data-settings=\"{&quot;background_background&quot;:&quot;classic&quot;}\">\n\t\t\t\t\t\t<div class=\"elementor-container elementor-column-gap-default\">\n\t\t\t\t\t\t\t<div class=\"elementor-row\">\n\t\t\t\t\t<div class=\"elementor-column elementor-col-100 elementor-top-column elementor-element elementor-element-8061863\" data-id=\"8061863\" data-element_type=\"column\">\n\t\t\t<div class=\"elementor-column-wrap elementor-element-populated\">\n\t\t\t\t\t\t\t<div class=\"elementor-widget-wrap\">\n\t\t\t\t\t\t<div class=\"elementor-element elementor-element-3b29e46 elementor-widget elementor-widget-heading\" data-id=\"3b29e46\" data-element_type=\"widget\" data-widget_type=\"heading.default\">\n\t\t\t\t<div class=\"elementor-widget-container\">\n\t\t\t<h1 class=\"elementor-heading-title elementor-size-default\">Privacy<\/h1>\t\t<\/div>\n\t\t\t\t<\/div>\n\t\t\t\t\t\t<\/div>\n\t\t\t\t\t<\/div>\n\t\t<\/div>\n\t\t\t\t\t\t\t\t<\/div>\n\t\t\t\t\t<\/div>\n\t\t<\/section>\n\t\t\t\t<section class=\"elementor-section elementor-top-section elementor-element elementor-element-5a1a803 elementor-section-boxed elementor-section-height-default elementor-section-height-default\" data-id=\"5a1a803\" data-element_type=\"section\">\n\t\t\t\t\t\t<div class=\"elementor-container elementor-column-gap-default\">\n\t\t\t\t\t\t\t<div class=\"elementor-row\">\n\t\t\t\t\t<div class=\"elementor-column elementor-col-50 elementor-top-column elementor-element elementor-element-b1efe3d\" data-id=\"b1efe3d\" data-element_type=\"column\">\n\t\t\t<div class=\"elementor-column-wrap elementor-element-populated\">\n\t\t\t\t\t\t\t<div class=\"elementor-widget-wrap\">\n\t\t\t\t\t\t<div class=\"elementor-element elementor-element-387c9fa elementor-widget elementor-widget-heading\" data-id=\"387c9fa\" data-element_type=\"widget\" data-widget_type=\"heading.default\">\n\t\t\t\t<div class=\"elementor-widget-container\">\n\t\t\t<h2 class=\"elementor-heading-title elementor-size-default\">NAVIGAZIONE<\/h2>\t\t<\/div>\n\t\t\t\t<\/div>\n\t\t\t\t<div class=\"elementor-element elementor-element-2036135 elementor-align-left elementor-icon-list--layout-traditional elementor-list-item-link-full_width elementor-widget elementor-widget-icon-list\" data-id=\"2036135\" data-element_type=\"widget\" data-widget_type=\"icon-list.default\">\n\t\t\t\t<div class=\"elementor-widget-container\">\n\t\t\t\t\t<ul class=\"elementor-icon-list-items\">\n\t\t\t\t\t\t\t<li class=\"elementor-icon-list-item\">\n\t\t\t\t\t<a href=\"#information\">\t\t\t\t\t<span class=\"elementor-icon-list-text\">Raccolta di informazioni<\/span>\n\t\t\t\t\t\t\t\t\t\t\t<\/a>\n\t\t\t\t\t\t\t\t\t<\/li>\n\t\t\t\t\t\t\t\t<li class=\"elementor-icon-list-item\">\n\t\t\t\t\t<a href=\"#usage\">\t\t\t\t\t<span class=\"elementor-icon-list-text\">Uso<\/span>\n\t\t\t\t\t\t\t\t\t\t\t<\/a>\n\t\t\t\t\t\t\t\t\t<\/li>\n\t\t\t\t\t\t\t\t<li class=\"elementor-icon-list-item\">\n\t\t\t\t\t<a href=\"#cookies\">\t\t\t\t\t<span class=\"elementor-icon-list-text\">Cookies<\/span>\n\t\t\t\t\t\t\t\t\t\t\t<\/a>\n\t\t\t\t\t\t\t\t\t<\/li>\n\t\t\t\t\t\t\t\t<li class=\"elementor-icon-list-item\">\n\t\t\t\t\t<a href=\"#protection\">\t\t\t\t\t<span class=\"elementor-icon-list-text\">Protezione<\/span>\n\t\t\t\t\t\t\t\t\t\t\t<\/a>\n\t\t\t\t\t\t\t\t\t<\/li>\n\t\t\t\t\t\t\t\t<li class=\"elementor-icon-list-item\">\n\t\t\t\t\t<a href=\"#more\">\t\t\t\t\t<span class=\"elementor-icon-list-text\">Pi\u00f9 informazioni<\/span>\n\t\t\t\t\t\t\t\t\t\t\t<\/a>\n\t\t\t\t\t\t\t\t\t<\/li>\n\t\t\t\t\t\t<\/ul>\n\t\t\t\t<\/div>\n\t\t\t\t<\/div>\n\t\t\t\t\t\t<\/div>\n\t\t\t\t\t<\/div>\n\t\t<\/div>\n\t\t\t\t<div class=\"elementor-column elementor-col-50 elementor-top-column elementor-element elementor-element-597f568\" data-id=\"597f568\" data-element_type=\"column\">\n\t\t\t<div class=\"elementor-column-wrap elementor-element-populated\">\n\t\t\t\t\t\t\t<div class=\"elementor-widget-wrap\">\n\t\t\t\t\t\t<div class=\"elementor-element elementor-element-015536f elementor-widget elementor-widget-heading\" data-id=\"015536f\" data-element_type=\"widget\" data-widget_type=\"heading.default\">\n\t\t\t\t<div class=\"elementor-widget-container\">\n\t\t\t<h2 class=\"elementor-heading-title elementor-size-default\">Effettivo dal: 1 giugno 2020.<br><\/h2>\t\t<\/div>\n\t\t\t\t<\/div>\n\t\t\t\t<div class=\"elementor-element elementor-element-04f2eab elementor-widget elementor-widget-menu-anchor\" data-id=\"04f2eab\" data-element_type=\"widget\" data-widget_type=\"menu-anchor.default\">\n\t\t\t\t<div class=\"elementor-widget-container\">\n\t\t\t\t\t<div id=\"information\" class=\"elementor-menu-anchor\"><\/div>\n\t\t\t\t<\/div>\n\t\t\t\t<\/div>\n\t\t\t\t<div class=\"elementor-element elementor-element-2e60cc5 elementor-widget elementor-widget-text-editor\" data-id=\"2e60cc5\" data-element_type=\"widget\" data-widget_type=\"text-editor.default\">\n\t\t\t\t<div class=\"elementor-widget-container\">\n\t\t\t\t\t<div class=\"elementor-text-editor elementor-clearfix\"><p>Sappiamo che sei interessato su come vengono usate e condivise le informazioni su di te e ti ringraziamo per la tua fiducia, attenzione e prudenza. Siamo molto impegnati a mantenere la riservatezza di qualsiasi informazione commerciale o personale dei nostri utenti. Questo avviso descrive la nostra politica sulla privacy ed \u00e8 parte dei termini e delle condizioni del nostro sito web e servizio (&#8220;Sito web e termini di servizio&#8221;).<\/p><p>Visitando ggg.do, godgreatestgift.org o uno qualsiasi dei vostri domini (&#8220;Il Sito&#8221;), l&#8217;utente accetta e consente le pratiche descritte nella presente Informativa sulla privacy.<\/p><p>Il sito \u00e8 presentato da God\u2019s Greatest Gift Inc. Crediamo che sia importante proteggere i tuoi dati personali e siamo impegnati a proteggere la tua privacy. Questa politica spiega come possiamo raccogliere dati personali su di te.<\/p><\/div>\n\t\t\t\t<\/div>\n\t\t\t\t<\/div>\n\t\t\t\t<div class=\"elementor-element elementor-element-a746b51 elementor-widget elementor-widget-menu-anchor\" data-id=\"a746b51\" data-element_type=\"widget\" data-widget_type=\"menu-anchor.default\">\n\t\t\t\t<div class=\"elementor-widget-container\">\n\t\t\t\t\t<div id=\"usage\" class=\"elementor-menu-anchor\"><\/div>\n\t\t\t\t<\/div>\n\t\t\t\t<\/div>\n\t\t\t\t<div class=\"elementor-element elementor-element-c306829 elementor-widget elementor-widget-heading\" data-id=\"c306829\" data-element_type=\"widget\" data-widget_type=\"heading.default\">\n\t\t\t\t<div class=\"elementor-widget-container\">\n\t\t\t<h2 class=\"elementor-heading-title elementor-size-default\">Raccolta di informazioni<\/h2>\t\t<\/div>\n\t\t\t\t<\/div>\n\t\t\t\t<div class=\"elementor-element elementor-element-8d2d4bd elementor-widget elementor-widget-text-editor\" data-id=\"8d2d4bd\" data-element_type=\"widget\" data-widget_type=\"text-editor.default\">\n\t\t\t\t<div class=\"elementor-widget-container\">\n\t\t\t\t\t<div class=\"elementor-text-editor elementor-clearfix\"><p>Possiamo raccogliere informazioni personali come il tuo nome, indirizzo e-mail, indirizzo postale, numero di telefono, informazioni sulla carta di credito, ecc., quando effettui una donazione o un pagamento online, salva le tue informazioni o contattaci se hai domande o dubbi. Teniamo un registro della tua donazione o pagamento online come necessario per elaborare gli stessi.<\/p><\/div>\n\t\t\t\t<\/div>\n\t\t\t\t<\/div>\n\t\t\t\t<div class=\"elementor-element elementor-element-5848ea2 elementor-widget elementor-widget-heading\" data-id=\"5848ea2\" data-element_type=\"widget\" data-widget_type=\"heading.default\">\n\t\t\t\t<div class=\"elementor-widget-container\">\n\t\t\t<h2 class=\"elementor-heading-title elementor-size-default\">Usage<\/h2>\t\t<\/div>\n\t\t\t\t<\/div>\n\t\t\t\t<div class=\"elementor-element elementor-element-8f344ab elementor-widget elementor-widget-text-editor\" data-id=\"8f344ab\" data-element_type=\"widget\" data-widget_type=\"text-editor.default\">\n\t\t\t\t<div class=\"elementor-widget-container\">\n\t\t\t\t\t<div class=\"elementor-text-editor elementor-clearfix\"><p>Possiamo usare i tuoi dati personali nei seguenti modi:<\/p><ul><li>Per elaborare e procedere con la richiesta di donazione o pagamento online<\/li><li>Per comunicare con voi e inviare informazioni via e-mail, posta, telefono, se necessario per elaborare la vostra donazione o pagamento online.<\/li><li>Per aiutarci ad affrontare i problemi e migliorare la progettazione del nostro sito.<\/li><li>Per proteggere la sicurezza o l&#8217;integrit\u00e0 del nostro sito web e missione.<\/li><li>Per contattarvi se necessario<\/li><\/ul><p><strong>God\u2019s Greatest Gift condivide le mie informazioni?<\/strong><\/p><p>Non condividiamo le vostre informazioni. Useremo le informazioni solo per elaborare la vistra donazione o richiesta di pagamento online.<\/p><\/div>\n\t\t\t\t<\/div>\n\t\t\t\t<\/div>\n\t\t\t\t<div class=\"elementor-element elementor-element-9e37869 elementor-widget elementor-widget-menu-anchor\" data-id=\"9e37869\" data-element_type=\"widget\" data-widget_type=\"menu-anchor.default\">\n\t\t\t\t<div class=\"elementor-widget-container\">\n\t\t\t\t\t<div id=\"cookies\" class=\"elementor-menu-anchor\"><\/div>\n\t\t\t\t<\/div>\n\t\t\t\t<\/div>\n\t\t\t\t<div class=\"elementor-element elementor-element-0fc9183 elementor-widget elementor-widget-heading\" data-id=\"0fc9183\" data-element_type=\"widget\" data-widget_type=\"heading.default\">\n\t\t\t\t<div class=\"elementor-widget-container\">\n\t\t\t<h2 class=\"elementor-heading-title elementor-size-default\">Cookies<\/h2>\t\t<\/div>\n\t\t\t\t<\/div>\n\t\t\t\t<div class=\"elementor-element elementor-element-dde9709 elementor-widget elementor-widget-text-editor\" data-id=\"dde9709\" data-element_type=\"widget\" data-widget_type=\"text-editor.default\">\n\t\t\t\t<div class=\"elementor-widget-container\">\n\t\t\t\t\t<div class=\"elementor-text-editor elementor-clearfix\"><p><strong>Utilizzo di Cookies<\/strong><\/p><p>Il nostro sito web utilizza &#8220;cookie&#8221;, che sono piccoli file di dati che vengono memorizzati sul computer quando si visita un sito web. I cookie consentono di donare o pagare sul nostro sito web.<\/p><p>Puoi impostare il tuo browser in modo che non accetti i cookie o che ti notifichi quando ti viene inviato un cookie, dandoti la possibilit\u00e0 di decidere se accettarli o meno. Tuttavia, se non accetti i cookie, non potr\u00e0 accedere alle informazioni del conto, n\u00e9 effettuare donazioni o pagamenti sul nostro sito web.<\/p><p><strong>Tag a pixel<\/strong><\/p><p>Usiamo &#8220;pixel tag&#8221; (chiamati anche &#8220;web beacon&#8221; o &#8220;gifs trasparenti&#8221;), che sono piccole immagini grafiche, sui nostri siti web e nelle nostre e-mail.<\/p><p>I pixel tag sui nostri siti possono essere utilizzati per raccogliere informazioni sulla tua visita, incluse le pagine visitate, le funzioni utilizzate, i link cliccati e altre azioni che esegui in relazione al sito. Queste informazioni possono includere l&#8217;indirizzo Internet Protocol (IP) del computer, il tipo di browser, il sistema operativo, informazioni su data, ora e altre informazioni tecniche sul computer.<\/p><p>Possiamo anche rintracciare alcune informazioni sull&#8217;identit\u00e0 del sito che hai visitato immediatamente prima di visitare il nostro sito. In caso contrario, non rintracciamo alcuna informazione sull&#8217;uso di altri siti web.<\/p><\/div>\n\t\t\t\t<\/div>\n\t\t\t\t<\/div>\n\t\t\t\t<div class=\"elementor-element elementor-element-79f2b55 elementor-widget elementor-widget-menu-anchor\" data-id=\"79f2b55\" data-element_type=\"widget\" data-widget_type=\"menu-anchor.default\">\n\t\t\t\t<div class=\"elementor-widget-container\">\n\t\t\t\t\t<div id=\"protection\" class=\"elementor-menu-anchor\"><\/div>\n\t\t\t\t<\/div>\n\t\t\t\t<\/div>\n\t\t\t\t<div class=\"elementor-element elementor-element-97bba46 elementor-widget elementor-widget-heading\" data-id=\"97bba46\" data-element_type=\"widget\" data-widget_type=\"heading.default\">\n\t\t\t\t<div class=\"elementor-widget-container\">\n\t\t\t<h2 class=\"elementor-heading-title elementor-size-default\">Protezione<\/h2>\t\t<\/div>\n\t\t\t\t<\/div>\n\t\t\t\t<div class=\"elementor-element elementor-element-30f2d9b elementor-widget elementor-widget-text-editor\" data-id=\"30f2d9b\" data-element_type=\"widget\" data-widget_type=\"text-editor.default\">\n\t\t\t\t<div class=\"elementor-widget-container\">\n\t\t\t\t\t<div class=\"elementor-text-editor elementor-clearfix\"><p><strong>Informazioni relative alla persona<\/strong><\/p><p>Facciamo del nostro meglio per offrirvi un&#8217;esperienza online sicura e conveniente. Abbiamo alcune garanzie fisiche, elettroniche, contrattuali e amministrative per proteggere la sicurezza e la privacy dei tuoi dati personali.<\/p><p>Quando inserisci le tue informazioni personali nel nostro sito web, utilizziamo la tecnologia Secure Sockets Layer (SSL) per proteggere le tue informazioni man mano che ci vengono trasmesse. Per essere sicuri di accedere al nostro server sicuro prima di inviare informazioni finanziarie personali, guardare l&#8217;angolo in basso a sinistra del browser. Se si vede una chiave ininterrotta o un lucchetto chiuso (a seconda del browser), SSL \u00e8 attivo. Per verificare la sicurezza, vedere l&#8217;URL o la linea di localizzazione del browser. Se hai avuto accesso a un server sicuro, i primi caratteri dell&#8217;indirizzo su quella linea devono passare da &#8220;http&#8221; a &#8220;https&#8221;.<\/p><p><strong>Che vuol dire &#8220;Phishing&#8221;?<\/strong><\/p><p>Il &#8220;phishing&#8221; \u00e8 una truffa progettata per rubare le sue informazioni personali. Se ricevi un&#8217;e-mail che sembra essere nostra, chiedendo le tue informazioni personali, non rispondere. Non chiederemo mai la password o il nome utente via e-mail.<\/p><p><strong>Link ad altri siti web<\/strong><\/p><p>Per la vostra comodit\u00e0 e informazione, il nostro sito pu\u00f2 contenere link ad altri siti, che possono avere politiche sulla privacy che differiscono dalle nostre. Non siamo responsabili per il contenuto o le pratiche di qualsiasi sito collegato. Si consiglia di controllare la politica sulla privacy di qualsiasi sito al quale si accede attraverso i nostri siti.<\/p><\/div>\n\t\t\t\t<\/div>\n\t\t\t\t<\/div>\n\t\t\t\t<div class=\"elementor-element elementor-element-4d9ba5d elementor-widget elementor-widget-menu-anchor\" data-id=\"4d9ba5d\" data-element_type=\"widget\" data-widget_type=\"menu-anchor.default\">\n\t\t\t\t<div class=\"elementor-widget-container\">\n\t\t\t\t\t<div id=\"more\" class=\"elementor-menu-anchor\"><\/div>\n\t\t\t\t<\/div>\n\t\t\t\t<\/div>\n\t\t\t\t<div class=\"elementor-element elementor-element-b0fe319 elementor-widget elementor-widget-heading\" data-id=\"b0fe319\" data-element_type=\"widget\" data-widget_type=\"heading.default\">\n\t\t\t\t<div class=\"elementor-widget-container\">\n\t\t\t<h2 class=\"elementor-heading-title elementor-size-default\">Pi\u00f9 informazioni<\/h2>\t\t<\/div>\n\t\t\t\t<\/div>\n\t\t\t\t<div class=\"elementor-element elementor-element-fd54600 elementor-widget elementor-widget-text-editor\" data-id=\"fd54600\" data-element_type=\"widget\" data-widget_type=\"text-editor.default\">\n\t\t\t\t<div class=\"elementor-widget-container\">\n\t\t\t\t\t<div class=\"elementor-text-editor elementor-clearfix\"><p>Se hai domande sulla nostra politica sulla privacy, per prendere decisioni sulla ricezione di comunicazioni promozionali, per aggiornare i tuoi dati personali o per effettuare un ordine, puoi contattare GOD GREATEST GIFT via e-mail, telefono o posta.<\/p><p><strong>GOD GREATEST GIFT INC.<\/strong><br \/>2302 Lucaya Lane, Apt D-1,<br \/>Coconut Creek, Fl. 33066<br \/>info@godgreatestgift.org<\/p><\/div>\n\t\t\t\t<\/div>\n\t\t\t\t<\/div>\n\t\t\t\t\t\t<\/div>\n\t\t\t\t\t<\/div>\n\t\t<\/div>\n\t\t\t\t\t\t\t\t<\/div>\n\t\t\t\t\t<\/div>\n\t\t<\/section>\n\t\t\t\t\t\t<\/div>\n\t\t\t\t\t\t<\/div>\n\t\t\t\t\t<\/div>\n\t\t","protected":false},"excerpt":{"rendered":"<p>Privacy NAVIGAZIONE Raccolta di informazioni Uso Cookies Protezione Pi\u00f9 informazioni Effettivo dal: 1 giugno 2020. Sappiamo che sei interessato su come vengono usate e condivise le informazioni su di te e ti ringraziamo per la tua fiducia, attenzione e prudenza. Siamo molto impegnati a mantenere la riservatezza di qualsiasi informazione commerciale o personale dei nostri [&hellip;]<\/p>\n","protected":false},"author":1,"featured_media":0,"parent":0,"menu_order":0,"comment_status":"closed","ping_status":"closed","template":"","meta":[],"yst_prominent_words":[],"_links":{"self":[{"href":"https:\/\/ggg.do\/it\/wp-json\/wp\/v2\/pages\/3"}],"collection":[{"href":"https:\/\/ggg.do\/it\/wp-json\/wp\/v2\/pages"}],"about":[{"href":"https:\/\/ggg.do\/it\/wp-json\/wp\/v2\/types\/page"}],"author":[{"embeddable":true,"href":"https:\/\/ggg.do\/it\/wp-json\/wp\/v2\/users\/1"}],"replies":[{"embeddable":true,"href":"https:\/\/ggg.do\/it\/wp-json\/wp\/v2\/comments?post=3"}],"version-history":[{"count":8,"href":"https:\/\/ggg.do\/it\/wp-json\/wp\/v2\/pages\/3\/revisions"}],"predecessor-version":[{"id":1384,"href":"https:\/\/ggg.do\/it\/wp-json\/wp\/v2\/pages\/3\/revisions\/1384"}],"wp:attachment":[{"href":"https:\/\/ggg.do\/it\/wp-json\/wp\/v2\/media?parent=3"}],"wp:term":[{"taxonomy":"yst_prominent_words","embeddable":true,"href":"https:\/\/ggg.do\/it\/wp-json\/wp\/v2\/yst_prominent_words?post=3"}],"curies":[{"name":"wp","href":"https:\/\/api.w.org\/{rel}","templated":true}]}}