{"id":944,"date":"2020-06-11T18:56:05","date_gmt":"2020-06-11T18:56:05","guid":{"rendered":"http:\/\/ggg.do\/?page_id=944"},"modified":"2020-10-14T22:27:24","modified_gmt":"2020-10-14T22:27:24","slug":"terms","status":"publish","type":"page","link":"https:\/\/ggg.do\/it\/terms\/","title":{"rendered":"Terms"},"content":{"rendered":"\t\t<div data-elementor-type=\"wp-page\" data-elementor-id=\"944\" class=\"elementor elementor-944\" data-elementor-settings=\"[]\">\n\t\t\t\t\t\t<div class=\"elementor-inner\">\n\t\t\t\t\t\t\t<div class=\"elementor-section-wrap\">\n\t\t\t\t\t\t\t<section class=\"elementor-section elementor-top-section elementor-element elementor-element-65cd79a elementor-section-boxed elementor-section-height-default elementor-section-height-default\" data-id=\"65cd79a\" data-element_type=\"section\" data-settings=\"{&quot;background_background&quot;:&quot;classic&quot;}\">\n\t\t\t\t\t\t<div class=\"elementor-container elementor-column-gap-default\">\n\t\t\t\t\t\t\t<div class=\"elementor-row\">\n\t\t\t\t\t<div class=\"elementor-column elementor-col-100 elementor-top-column elementor-element elementor-element-5657248\" data-id=\"5657248\" data-element_type=\"column\">\n\t\t\t<div class=\"elementor-column-wrap elementor-element-populated\">\n\t\t\t\t\t\t\t<div class=\"elementor-widget-wrap\">\n\t\t\t\t\t\t<div class=\"elementor-element elementor-element-289261d elementor-widget elementor-widget-heading\" data-id=\"289261d\" data-element_type=\"widget\" data-widget_type=\"heading.default\">\n\t\t\t\t<div class=\"elementor-widget-container\">\n\t\t\t<h1 class=\"elementor-heading-title elementor-size-default\">Condizioni di utilizzo<\/h1>\t\t<\/div>\n\t\t\t\t<\/div>\n\t\t\t\t\t\t<\/div>\n\t\t\t\t\t<\/div>\n\t\t<\/div>\n\t\t\t\t\t\t\t\t<\/div>\n\t\t\t\t\t<\/div>\n\t\t<\/section>\n\t\t\t\t<section class=\"elementor-section elementor-top-section elementor-element elementor-element-e3bff74 elementor-section-boxed elementor-section-height-default elementor-section-height-default\" data-id=\"e3bff74\" data-element_type=\"section\">\n\t\t\t\t\t\t<div class=\"elementor-container elementor-column-gap-default\">\n\t\t\t\t\t\t\t<div class=\"elementor-row\">\n\t\t\t\t\t<div class=\"elementor-column elementor-col-50 elementor-top-column elementor-element elementor-element-166c701\" data-id=\"166c701\" data-element_type=\"column\">\n\t\t\t<div class=\"elementor-column-wrap elementor-element-populated\">\n\t\t\t\t\t\t\t<div class=\"elementor-widget-wrap\">\n\t\t\t\t\t\t<div class=\"elementor-element elementor-element-599ada2 elementor-widget elementor-widget-heading\" data-id=\"599ada2\" data-element_type=\"widget\" data-widget_type=\"heading.default\">\n\t\t\t\t<div class=\"elementor-widget-container\">\n\t\t\t<h2 class=\"elementor-heading-title elementor-size-default\">NAVIGAZIONE<\/h2>\t\t<\/div>\n\t\t\t\t<\/div>\n\t\t\t\t<div class=\"elementor-element elementor-element-588c71d elementor-align-left elementor-icon-list--layout-traditional elementor-list-item-link-full_width elementor-widget elementor-widget-icon-list\" data-id=\"588c71d\" data-element_type=\"widget\" data-widget_type=\"icon-list.default\">\n\t\t\t\t<div class=\"elementor-widget-container\">\n\t\t\t\t\t<ul class=\"elementor-icon-list-items\">\n\t\t\t\t\t\t\t<li class=\"elementor-icon-list-item\">\n\t\t\t\t\t<a href=\"#information\">\t\t\t\t\t<span class=\"elementor-icon-list-text\">Raccolta di informazioni<\/span>\n\t\t\t\t\t\t\t\t\t\t\t<\/a>\n\t\t\t\t\t\t\t\t\t<\/li>\n\t\t\t\t\t\t\t\t<li class=\"elementor-icon-list-item\">\n\t\t\t\t\t<a href=\"#usage\">\t\t\t\t\t<span class=\"elementor-icon-list-text\">Uso<\/span>\n\t\t\t\t\t\t\t\t\t\t\t<\/a>\n\t\t\t\t\t\t\t\t\t<\/li>\n\t\t\t\t\t\t\t\t<li class=\"elementor-icon-list-item\">\n\t\t\t\t\t<a href=\"#cookies\">\t\t\t\t\t<span class=\"elementor-icon-list-text\">Cookies<\/span>\n\t\t\t\t\t\t\t\t\t\t\t<\/a>\n\t\t\t\t\t\t\t\t\t<\/li>\n\t\t\t\t\t\t\t\t<li class=\"elementor-icon-list-item\">\n\t\t\t\t\t<a href=\"#protection\">\t\t\t\t\t<span class=\"elementor-icon-list-text\">Protezione<\/span>\n\t\t\t\t\t\t\t\t\t\t\t<\/a>\n\t\t\t\t\t\t\t\t\t<\/li>\n\t\t\t\t\t\t\t\t<li class=\"elementor-icon-list-item\">\n\t\t\t\t\t<a href=\"#more\">\t\t\t\t\t<span class=\"elementor-icon-list-text\">More Information<\/span>\n\t\t\t\t\t\t\t\t\t\t\t<\/a>\n\t\t\t\t\t\t\t\t\t<\/li>\n\t\t\t\t\t\t<\/ul>\n\t\t\t\t<\/div>\n\t\t\t\t<\/div>\n\t\t\t\t\t\t<\/div>\n\t\t\t\t\t<\/div>\n\t\t<\/div>\n\t\t\t\t<div class=\"elementor-column elementor-col-50 elementor-top-column elementor-element elementor-element-1de14dd\" data-id=\"1de14dd\" data-element_type=\"column\">\n\t\t\t<div class=\"elementor-column-wrap elementor-element-populated\">\n\t\t\t\t\t\t\t<div class=\"elementor-widget-wrap\">\n\t\t\t\t\t\t<div class=\"elementor-element elementor-element-70c113e elementor-widget elementor-widget-heading\" data-id=\"70c113e\" data-element_type=\"widget\" data-widget_type=\"heading.default\">\n\t\t\t\t<div class=\"elementor-widget-container\">\n\t\t\t<h2 class=\"elementor-heading-title elementor-size-default\">Effettivo dal: 1 giugno 2020<\/h2>\t\t<\/div>\n\t\t\t\t<\/div>\n\t\t\t\t<div class=\"elementor-element elementor-element-d8787e8 elementor-widget elementor-widget-menu-anchor\" data-id=\"d8787e8\" data-element_type=\"widget\" data-widget_type=\"menu-anchor.default\">\n\t\t\t\t<div class=\"elementor-widget-container\">\n\t\t\t\t\t<div id=\"information\" class=\"elementor-menu-anchor\"><\/div>\n\t\t\t\t<\/div>\n\t\t\t\t<\/div>\n\t\t\t\t<div class=\"elementor-element elementor-element-6734e33 elementor-widget elementor-widget-text-editor\" data-id=\"6734e33\" data-element_type=\"widget\" data-widget_type=\"text-editor.default\">\n\t\t\t\t<div class=\"elementor-widget-container\">\n\t\t\t\t\t<div class=\"elementor-text-editor elementor-clearfix\"><p>Sappiamo che sei interessato su come vengono usate e condivise le informazioni su di te e ti ringraziamo per la tua fiducia, attenzione e prudenza. Siamo molto impegnati a mantenere la riservatezza di qualsiasi informazione commerciale o personale dei nostri utenti. Questo avviso descrive la nostra politica sulla privacy ed \u00e8 parte dei termini e delle condizioni del nostro sito web e servizio (&#8220;Sito web e termini di servizio&#8221;).<\/p><p>Visitando <strong>ggg.do,<\/strong> <strong>godgreatestgift.org<\/strong> o uno qualsiasi dei vostri domini (&#8220;Il Sito&#8221;), l&#8217;utente accetta e consente le pratiche descritte nella presente Informativa sulla privacy.<\/p><p>Il sito \u00e8 presentato da God\u2019s Greatest Gift Inc. Crediamo che sia importante proteggere i tuoi dati personali e siamo impegnati a proteggere la tua privacy. Questa politica spiega come possiamo raccogliere dati personali su di te.<\/p><p>\u00a0<\/p><\/div>\n\t\t\t\t<\/div>\n\t\t\t\t<\/div>\n\t\t\t\t<div class=\"elementor-element elementor-element-d2a2db5 elementor-widget elementor-widget-menu-anchor\" data-id=\"d2a2db5\" data-element_type=\"widget\" data-widget_type=\"menu-anchor.default\">\n\t\t\t\t<div class=\"elementor-widget-container\">\n\t\t\t\t\t<div id=\"usage\" class=\"elementor-menu-anchor\"><\/div>\n\t\t\t\t<\/div>\n\t\t\t\t<\/div>\n\t\t\t\t<div class=\"elementor-element elementor-element-a5e291c elementor-widget elementor-widget-heading\" data-id=\"a5e291c\" data-element_type=\"widget\" data-widget_type=\"heading.default\">\n\t\t\t\t<div class=\"elementor-widget-container\">\n\t\t\t<h2 class=\"elementor-heading-title elementor-size-default\">Raccolta di informazioni<\/h2>\t\t<\/div>\n\t\t\t\t<\/div>\n\t\t\t\t<div class=\"elementor-element elementor-element-de537ba elementor-widget elementor-widget-text-editor\" data-id=\"de537ba\" data-element_type=\"widget\" data-widget_type=\"text-editor.default\">\n\t\t\t\t<div class=\"elementor-widget-container\">\n\t\t\t\t\t<div class=\"elementor-text-editor elementor-clearfix\"><p>Possiamo raccogliere informazioni personali come il tuo nome, indirizzo e-mail, indirizzo postale, numero di telefono, informazioni sulla carta di credito, ecc., quando effettui una donazione o un pagamento online, salva le tue informazioni o contattaci se hai domande o dubbi. Teniamo un registro della tua donazione o pagamento online come necessario per elaborare gli stessi.<\/p><\/div>\n\t\t\t\t<\/div>\n\t\t\t\t<\/div>\n\t\t\t\t<div class=\"elementor-element elementor-element-5ebd7c0 elementor-widget elementor-widget-heading\" data-id=\"5ebd7c0\" data-element_type=\"widget\" data-widget_type=\"heading.default\">\n\t\t\t\t<div class=\"elementor-widget-container\">\n\t\t\t<h2 class=\"elementor-heading-title elementor-size-default\">Uso<\/h2>\t\t<\/div>\n\t\t\t\t<\/div>\n\t\t\t\t<div class=\"elementor-element elementor-element-689ad92 elementor-widget elementor-widget-text-editor\" data-id=\"689ad92\" data-element_type=\"widget\" data-widget_type=\"text-editor.default\">\n\t\t\t\t<div class=\"elementor-widget-container\">\n\t\t\t\t\t<div class=\"elementor-text-editor elementor-clearfix\"><p>Possiamo usare i tuoi dati personali nei seguenti modi:<\/p><ul><li>Per elaborare e procedere con la richiesta di donazione o pagamento online<\/li><li>Per comunicare con voi e inviare informazioni via e-mail, posta, telefono, se necessario per elaborare la vostra donazione o pagamento online.<\/li><li>Per aiutarci ad affrontare i problemi e migliorare la progettazione del nostro sito.<\/li><li>Per proteggere la sicurezza o l&#8217;integrit\u00e0 del nostro sito web e missione.<\/li><li>Per contattarvi se necessario<\/li><\/ul><p>\u00a0<\/p><p><strong>God\u2019s Greatest Gift condivide le mie informazioni<\/strong><\/p><p>Non condividiamo le vostre informazioni. Useremo le informazioni solo per elaborare la vistra donazione o richiesta di pagamento online.<\/p><\/div>\n\t\t\t\t<\/div>\n\t\t\t\t<\/div>\n\t\t\t\t<div class=\"elementor-element elementor-element-70099f1 elementor-widget elementor-widget-menu-anchor\" data-id=\"70099f1\" data-element_type=\"widget\" data-widget_type=\"menu-anchor.default\">\n\t\t\t\t<div class=\"elementor-widget-container\">\n\t\t\t\t\t<div id=\"cookies\" class=\"elementor-menu-anchor\"><\/div>\n\t\t\t\t<\/div>\n\t\t\t\t<\/div>\n\t\t\t\t<div class=\"elementor-element elementor-element-8072282 elementor-widget elementor-widget-heading\" data-id=\"8072282\" data-element_type=\"widget\" data-widget_type=\"heading.default\">\n\t\t\t\t<div class=\"elementor-widget-container\">\n\t\t\t<h2 class=\"elementor-heading-title elementor-size-default\">Cookies<\/h2>\t\t<\/div>\n\t\t\t\t<\/div>\n\t\t\t\t<div class=\"elementor-element elementor-element-74e6169 elementor-widget elementor-widget-text-editor\" data-id=\"74e6169\" data-element_type=\"widget\" data-widget_type=\"text-editor.default\">\n\t\t\t\t<div class=\"elementor-widget-container\">\n\t\t\t\t\t<div class=\"elementor-text-editor elementor-clearfix\"><p><strong>Utilizzo di Cookies<\/strong><\/p><p>Il nostro sito web utilizza &#8220;cookie&#8221;, che sono piccoli file di dati che vengono memorizzati sul computer quando si visita un sito web. I cookie consentono di donare o pagare sul nostro sito web.<\/p><p>Puoi impostare il tuo browser in modo che non accetti i cookie o che ti notifichi quando ti viene inviato un cookie, dandoti la possibilit\u00e0 di decidere se accettarli o meno. Tuttavia, se non accetti i cookie, non potr\u00e0 accedere alle informazioni del conto, n\u00e9 effettuare donazioni o pagamenti sul nostro sito web.<\/p><p><strong>Tag a pixel<\/strong><\/p><p>Usiamo &#8220;pixel tag&#8221; (chiamati anche &#8220;web beacon&#8221; o &#8220;gifs trasparenti&#8221;), che sono piccole immagini grafiche, sui nostri siti web e nelle nostre e-mail.<\/p><p>I pixel tag sui nostri siti possono essere utilizzati per raccogliere informazioni sulla tua visita, incluse le pagine visitate, le funzioni utilizzate, i link cliccati e altre azioni che esegui in relazione al sito. Queste informazioni possono includere l&#8217;indirizzo Internet Protocol (IP) del computer, il tipo di browser, il sistema operativo, informazioni su data, ora e altre informazioni tecniche sul computer.<\/p><p>Possiamo anche rintracciare alcune informazioni sull&#8217;identit\u00e0 del sito che hai visitato immediatamente prima di visitare il nostro sito. In caso contrario, non rintracciamo alcuna informazione sull&#8217;uso di altri siti web.<\/p><\/div>\n\t\t\t\t<\/div>\n\t\t\t\t<\/div>\n\t\t\t\t<div class=\"elementor-element elementor-element-e14bded elementor-widget elementor-widget-menu-anchor\" data-id=\"e14bded\" data-element_type=\"widget\" data-widget_type=\"menu-anchor.default\">\n\t\t\t\t<div class=\"elementor-widget-container\">\n\t\t\t\t\t<div id=\"protection\" class=\"elementor-menu-anchor\"><\/div>\n\t\t\t\t<\/div>\n\t\t\t\t<\/div>\n\t\t\t\t<div class=\"elementor-element elementor-element-e2ab7e0 elementor-widget elementor-widget-heading\" data-id=\"e2ab7e0\" data-element_type=\"widget\" data-widget_type=\"heading.default\">\n\t\t\t\t<div class=\"elementor-widget-container\">\n\t\t\t<h2 class=\"elementor-heading-title elementor-size-default\">Protezione<\/h2>\t\t<\/div>\n\t\t\t\t<\/div>\n\t\t\t\t<div class=\"elementor-element elementor-element-db22e98 elementor-widget elementor-widget-text-editor\" data-id=\"db22e98\" data-element_type=\"widget\" data-widget_type=\"text-editor.default\">\n\t\t\t\t<div class=\"elementor-widget-container\">\n\t\t\t\t\t<div class=\"elementor-text-editor elementor-clearfix\"><p><strong>Informazioni relative alla persona<\/strong><\/p><p>Facciamo del nostro meglio per offrirvi un&#8217;esperienza online sicura e conveniente. Abbiamo alcune garanzie fisiche, elettroniche, contrattuali e amministrative per proteggere la sicurezza e la privacy dei tuoi dati personali.<\/p><p>Quando inserisci le tue informazioni personali nel nostro sito web, utilizziamo la tecnologia Secure Sockets Layer (SSL) per proteggere le tue informazioni man mano che ci vengono trasmesse. Per essere sicuri di accedere al nostro server sicuro prima di inviare informazioni finanziarie personali, guardare l&#8217;angolo in basso a sinistra del browser. Se si vede una chiave ininterrotta o un lucchetto chiuso (a seconda del browser), SSL \u00e8 attivo. Per verificare la sicurezza, vedere l&#8217;URL o la linea di localizzazione del browser. Se hai avuto accesso a un server sicuro, i primi caratteri dell&#8217;indirizzo su quella linea devono passare da &#8220;http&#8221; a &#8220;https&#8221;.<\/p><p><strong>Che vuol dire &#8220;Phishing&#8221;?<\/strong><\/p><p>Il &#8220;phishing&#8221; \u00e8 una truffa progettata per rubare le sue informazioni personali. Se ricevi un&#8217;e-mail che sembra essere nostra, chiedendo le tue informazioni personali, non rispondere. Non chiederemo mai la password o il nome utente via e-mail.<\/p><p><strong>Link ad altri siti web<\/strong><\/p><p>Per la vostra comodit\u00e0 e informazione, il nostro sito pu\u00f2 contenere link ad altri siti, che possono avere politiche sulla privacy che differiscono dalle nostre. Non siamo responsabili per il contenuto o le pratiche di qualsiasi sito collegato. Si consiglia di controllare la politica sulla privacy di qualsiasi sito al quale si accede attraverso i nostri siti.<\/p><\/div>\n\t\t\t\t<\/div>\n\t\t\t\t<\/div>\n\t\t\t\t<div class=\"elementor-element elementor-element-fb0e23b elementor-widget elementor-widget-menu-anchor\" data-id=\"fb0e23b\" data-element_type=\"widget\" data-widget_type=\"menu-anchor.default\">\n\t\t\t\t<div class=\"elementor-widget-container\">\n\t\t\t\t\t<div id=\"more\" class=\"elementor-menu-anchor\"><\/div>\n\t\t\t\t<\/div>\n\t\t\t\t<\/div>\n\t\t\t\t<div class=\"elementor-element elementor-element-5d5b007 elementor-widget elementor-widget-heading\" data-id=\"5d5b007\" data-element_type=\"widget\" data-widget_type=\"heading.default\">\n\t\t\t\t<div class=\"elementor-widget-container\">\n\t\t\t<h2 class=\"elementor-heading-title elementor-size-default\">Pi\u00f9 informazioni<\/h2>\t\t<\/div>\n\t\t\t\t<\/div>\n\t\t\t\t<div class=\"elementor-element elementor-element-864ce33 elementor-widget elementor-widget-text-editor\" data-id=\"864ce33\" data-element_type=\"widget\" data-widget_type=\"text-editor.default\">\n\t\t\t\t<div class=\"elementor-widget-container\">\n\t\t\t\t\t<div class=\"elementor-text-editor elementor-clearfix\"><p>Se hai domande sulla nostra politica sulla privacy, per prendere decisioni sulla ricezione di comunicazioni promozionali, per aggiornare i tuoi dati personali o per effettuare un ordine, puoi contattare GOD GREATEST GIFT via e-mail, telefono o posta.<\/p><p><strong>GOD GREATEST GIFT INC.<\/strong><br \/>2302 Lucaya Lane, Apt D-1,<br \/>Coconut Creek, Fl. 33066<br \/>info@godgreatestgift.org<\/p><\/div>\n\t\t\t\t<\/div>\n\t\t\t\t<\/div>\n\t\t\t\t\t\t<\/div>\n\t\t\t\t\t<\/div>\n\t\t<\/div>\n\t\t\t\t\t\t\t\t<\/div>\n\t\t\t\t\t<\/div>\n\t\t<\/section>\n\t\t\t\t\t\t<\/div>\n\t\t\t\t\t\t<\/div>\n\t\t\t\t\t<\/div>\n\t\t","protected":false},"excerpt":{"rendered":"<p>Condizioni di utilizzo NAVIGAZIONE Raccolta di informazioni Uso Cookies Protezione More Information Effettivo dal: 1 giugno 2020 Sappiamo che sei interessato su come vengono usate e condivise le informazioni su di te e ti ringraziamo per la tua fiducia, attenzione e prudenza. Siamo molto impegnati a mantenere la riservatezza di qualsiasi informazione commerciale o personale [&hellip;]<\/p>\n","protected":false},"author":1,"featured_media":0,"parent":0,"menu_order":0,"comment_status":"closed","ping_status":"closed","template":"","meta":[],"yst_prominent_words":[92,86,80,94,79,96,97,83,89,90,85,81,78,87,95,91,84,93,88,82],"_links":{"self":[{"href":"https:\/\/ggg.do\/it\/wp-json\/wp\/v2\/pages\/944"}],"collection":[{"href":"https:\/\/ggg.do\/it\/wp-json\/wp\/v2\/pages"}],"about":[{"href":"https:\/\/ggg.do\/it\/wp-json\/wp\/v2\/types\/page"}],"author":[{"embeddable":true,"href":"https:\/\/ggg.do\/it\/wp-json\/wp\/v2\/users\/1"}],"replies":[{"embeddable":true,"href":"https:\/\/ggg.do\/it\/wp-json\/wp\/v2\/comments?post=944"}],"version-history":[{"count":13,"href":"https:\/\/ggg.do\/it\/wp-json\/wp\/v2\/pages\/944\/revisions"}],"predecessor-version":[{"id":1386,"href":"https:\/\/ggg.do\/it\/wp-json\/wp\/v2\/pages\/944\/revisions\/1386"}],"wp:attachment":[{"href":"https:\/\/ggg.do\/it\/wp-json\/wp\/v2\/media?parent=944"}],"wp:term":[{"taxonomy":"yst_prominent_words","embeddable":true,"href":"https:\/\/ggg.do\/it\/wp-json\/wp\/v2\/yst_prominent_words?post=944"}],"curies":[{"name":"wp","href":"https:\/\/api.w.org\/{rel}","templated":true}]}}