{"id":944,"date":"2020-06-11T18:56:05","date_gmt":"2020-06-11T18:56:05","guid":{"rendered":"http:\/\/ggg.do\/?page_id=944"},"modified":"2020-09-17T15:16:30","modified_gmt":"2020-09-17T15:16:30","slug":"terms","status":"publish","type":"page","link":"https:\/\/ggg.do\/pt\/terms\/","title":{"rendered":"Terms"},"content":{"rendered":"\t\t<div data-elementor-type=\"wp-page\" data-elementor-id=\"944\" class=\"elementor elementor-944\" data-elementor-settings=\"[]\">\n\t\t\t\t\t\t<div class=\"elementor-inner\">\n\t\t\t\t\t\t\t<div class=\"elementor-section-wrap\">\n\t\t\t\t\t\t\t<section class=\"elementor-section elementor-top-section elementor-element elementor-element-65cd79a elementor-section-boxed elementor-section-height-default elementor-section-height-default\" data-id=\"65cd79a\" data-element_type=\"section\" data-settings=\"{&quot;background_background&quot;:&quot;classic&quot;}\">\n\t\t\t\t\t\t<div class=\"elementor-container elementor-column-gap-default\">\n\t\t\t\t\t\t\t<div class=\"elementor-row\">\n\t\t\t\t\t<div class=\"elementor-column elementor-col-100 elementor-top-column elementor-element elementor-element-5657248\" data-id=\"5657248\" data-element_type=\"column\">\n\t\t\t<div class=\"elementor-column-wrap elementor-element-populated\">\n\t\t\t\t\t\t\t<div class=\"elementor-widget-wrap\">\n\t\t\t\t\t\t<div class=\"elementor-element elementor-element-289261d elementor-widget elementor-widget-heading\" data-id=\"289261d\" data-element_type=\"widget\" data-widget_type=\"heading.default\">\n\t\t\t\t<div class=\"elementor-widget-container\">\n\t\t\t<h1 class=\"elementor-heading-title elementor-size-default\">Termos de Uso<\/h1>\t\t<\/div>\n\t\t\t\t<\/div>\n\t\t\t\t\t\t<\/div>\n\t\t\t\t\t<\/div>\n\t\t<\/div>\n\t\t\t\t\t\t\t\t<\/div>\n\t\t\t\t\t<\/div>\n\t\t<\/section>\n\t\t\t\t<section class=\"elementor-section elementor-top-section elementor-element elementor-element-e3bff74 elementor-section-boxed elementor-section-height-default elementor-section-height-default\" data-id=\"e3bff74\" data-element_type=\"section\">\n\t\t\t\t\t\t<div class=\"elementor-container elementor-column-gap-default\">\n\t\t\t\t\t\t\t<div class=\"elementor-row\">\n\t\t\t\t\t<div class=\"elementor-column elementor-col-50 elementor-top-column elementor-element elementor-element-166c701\" data-id=\"166c701\" data-element_type=\"column\">\n\t\t\t<div class=\"elementor-column-wrap elementor-element-populated\">\n\t\t\t\t\t\t\t<div class=\"elementor-widget-wrap\">\n\t\t\t\t\t\t<div class=\"elementor-element elementor-element-599ada2 elementor-widget elementor-widget-heading\" data-id=\"599ada2\" data-element_type=\"widget\" data-widget_type=\"heading.default\">\n\t\t\t\t<div class=\"elementor-widget-container\">\n\t\t\t<h2 class=\"elementor-heading-title elementor-size-default\">NAVEGA\u00c7\u00c3O<\/h2>\t\t<\/div>\n\t\t\t\t<\/div>\n\t\t\t\t<div class=\"elementor-element elementor-element-588c71d elementor-align-left elementor-icon-list--layout-traditional elementor-list-item-link-full_width elementor-widget elementor-widget-icon-list\" data-id=\"588c71d\" data-element_type=\"widget\" data-widget_type=\"icon-list.default\">\n\t\t\t\t<div class=\"elementor-widget-container\">\n\t\t\t\t\t<ul class=\"elementor-icon-list-items\">\n\t\t\t\t\t\t\t<li class=\"elementor-icon-list-item\">\n\t\t\t\t\t<a href=\"#information\">\t\t\t\t\t<span class=\"elementor-icon-list-text\">Coleta de informa\u00e7\u00f5es<\/span>\n\t\t\t\t\t\t\t\t\t\t\t<\/a>\n\t\t\t\t\t\t\t\t\t<\/li>\n\t\t\t\t\t\t\t\t<li class=\"elementor-icon-list-item\">\n\t\t\t\t\t<a href=\"#usage\">\t\t\t\t\t<span class=\"elementor-icon-list-text\">Uso<\/span>\n\t\t\t\t\t\t\t\t\t\t\t<\/a>\n\t\t\t\t\t\t\t\t\t<\/li>\n\t\t\t\t\t\t\t\t<li class=\"elementor-icon-list-item\">\n\t\t\t\t\t<a href=\"#cookies\">\t\t\t\t\t<span class=\"elementor-icon-list-text\">Cookies<\/span>\n\t\t\t\t\t\t\t\t\t\t\t<\/a>\n\t\t\t\t\t\t\t\t\t<\/li>\n\t\t\t\t\t\t\t\t<li class=\"elementor-icon-list-item\">\n\t\t\t\t\t<a href=\"#protection\">\t\t\t\t\t<span class=\"elementor-icon-list-text\">Prote\u00e7\u00e3o<\/span>\n\t\t\t\t\t\t\t\t\t\t\t<\/a>\n\t\t\t\t\t\t\t\t\t<\/li>\n\t\t\t\t\t\t\t\t<li class=\"elementor-icon-list-item\">\n\t\t\t\t\t<a href=\"#more\">\t\t\t\t\t<span class=\"elementor-icon-list-text\">Mais Informa\u00e7\u00f5es<\/span>\n\t\t\t\t\t\t\t\t\t\t\t<\/a>\n\t\t\t\t\t\t\t\t\t<\/li>\n\t\t\t\t\t\t<\/ul>\n\t\t\t\t<\/div>\n\t\t\t\t<\/div>\n\t\t\t\t\t\t<\/div>\n\t\t\t\t\t<\/div>\n\t\t<\/div>\n\t\t\t\t<div class=\"elementor-column elementor-col-50 elementor-top-column elementor-element elementor-element-1de14dd\" data-id=\"1de14dd\" data-element_type=\"column\">\n\t\t\t<div class=\"elementor-column-wrap elementor-element-populated\">\n\t\t\t\t\t\t\t<div class=\"elementor-widget-wrap\">\n\t\t\t\t\t\t<div class=\"elementor-element elementor-element-70c113e elementor-widget elementor-widget-heading\" data-id=\"70c113e\" data-element_type=\"widget\" data-widget_type=\"heading.default\">\n\t\t\t\t<div class=\"elementor-widget-container\">\n\t\t\t<h2 class=\"elementor-heading-title elementor-size-default\">Em vigor desde: 1\u00ba de junho de 2020<\/h2>\t\t<\/div>\n\t\t\t\t<\/div>\n\t\t\t\t<div class=\"elementor-element elementor-element-d8787e8 elementor-widget elementor-widget-menu-anchor\" data-id=\"d8787e8\" data-element_type=\"widget\" data-widget_type=\"menu-anchor.default\">\n\t\t\t\t<div class=\"elementor-widget-container\">\n\t\t\t\t\t<div id=\"information\" class=\"elementor-menu-anchor\"><\/div>\n\t\t\t\t<\/div>\n\t\t\t\t<\/div>\n\t\t\t\t<div class=\"elementor-element elementor-element-6734e33 elementor-widget elementor-widget-text-editor\" data-id=\"6734e33\" data-element_type=\"widget\" data-widget_type=\"text-editor.default\">\n\t\t\t\t<div class=\"elementor-widget-container\">\n\t\t\t\t\t<div class=\"elementor-text-editor elementor-clearfix\"><p>Sabemos que voc\u00ea cuida de como as informa\u00e7\u00f5es sobre voc\u00ea s\u00e3o usadas e compartilhadas e agradecemos sua confian\u00e7a em n\u00f3s para fazer isso com cuidado e prud\u00eancia. Estamos muito empenhados em manter a confidencialidade de quaisquer informa\u00e7\u00f5es comerciais ou pessoais de nossos usu\u00e1rios. Este aviso descreve nossa pol\u00edtica de privacidade e faz parte dos termos e condi\u00e7\u00f5es de nosso site e do servi\u00e7o (\u201cSite e Termos de Servi\u00e7o\u201d).<\/p><p>Ao visitar<strong> ggg.do, godgreatestgift.org<\/strong> ou qualquer um de seus dom\u00ednios (\u201cO Site\u201d), voc\u00ea est\u00e1 aceitando e consentindo com as pr\u00e1ticas descritas nesta Pol\u00edtica de Privacidade.<\/p><p>O site \u00e9 oferecido a voc\u00ea pela God&#8217;s Greatest Gift Inc. Acreditamos que seja importante proteger seus dados pessoais e temos o compromisso de proteger sua privacidade. Esta pol\u00edtica explica como podemos coletar dados pessoais sobre voc\u00ea.<\/p><\/div>\n\t\t\t\t<\/div>\n\t\t\t\t<\/div>\n\t\t\t\t<div class=\"elementor-element elementor-element-d2a2db5 elementor-widget elementor-widget-menu-anchor\" data-id=\"d2a2db5\" data-element_type=\"widget\" data-widget_type=\"menu-anchor.default\">\n\t\t\t\t<div class=\"elementor-widget-container\">\n\t\t\t\t\t<div id=\"usage\" class=\"elementor-menu-anchor\"><\/div>\n\t\t\t\t<\/div>\n\t\t\t\t<\/div>\n\t\t\t\t<div class=\"elementor-element elementor-element-a5e291c elementor-widget elementor-widget-heading\" data-id=\"a5e291c\" data-element_type=\"widget\" data-widget_type=\"heading.default\">\n\t\t\t\t<div class=\"elementor-widget-container\">\n\t\t\t<h2 class=\"elementor-heading-title elementor-size-default\">Coleta de informa\u00e7\u00f5es<\/h2>\t\t<\/div>\n\t\t\t\t<\/div>\n\t\t\t\t<div class=\"elementor-element elementor-element-de537ba elementor-widget elementor-widget-text-editor\" data-id=\"de537ba\" data-element_type=\"widget\" data-widget_type=\"text-editor.default\">\n\t\t\t\t<div class=\"elementor-widget-container\">\n\t\t\t\t\t<div class=\"elementor-text-editor elementor-clearfix\"><p>Podemos coletar informa\u00e7\u00f5es pessoais suas, como seu nome, endere\u00e7o de e-mail, endere\u00e7o postal, n\u00famero de telefone, informa\u00e7\u00f5es de cart\u00e3o de cr\u00e9dito, etc., quando voc\u00ea faz uma doa\u00e7\u00e3o ou pagamento online, salva suas informa\u00e7\u00f5es online ou entre em contato com uma pergunta ou preocupa\u00e7\u00e3o. Mantemos um registro de sua doa\u00e7\u00e3o ou pagamento online conforme necess\u00e1rio para processar sua doa\u00e7\u00e3o ou pagamento online.<\/p><\/div>\n\t\t\t\t<\/div>\n\t\t\t\t<\/div>\n\t\t\t\t<div class=\"elementor-element elementor-element-5ebd7c0 elementor-widget elementor-widget-heading\" data-id=\"5ebd7c0\" data-element_type=\"widget\" data-widget_type=\"heading.default\">\n\t\t\t\t<div class=\"elementor-widget-container\">\n\t\t\t<h2 class=\"elementor-heading-title elementor-size-default\">Uso<\/h2>\t\t<\/div>\n\t\t\t\t<\/div>\n\t\t\t\t<div class=\"elementor-element elementor-element-689ad92 elementor-widget elementor-widget-text-editor\" data-id=\"689ad92\" data-element_type=\"widget\" data-widget_type=\"text-editor.default\">\n\t\t\t\t<div class=\"elementor-widget-container\">\n\t\t\t\t\t<div class=\"elementor-text-editor elementor-clearfix\"><p>Podemos usar suas informa\u00e7\u00f5es pessoais das seguintes maneiras:<\/p><ul><li>Para processar e atender sua solicita\u00e7\u00e3o de doa\u00e7\u00e3o ou pagamento online<\/li><li>Para se comunicar com voc\u00ea e enviar informa\u00e7\u00f5es por e-mail, correio, telefone, conforme necess\u00e1rio, para processar sua doa\u00e7\u00e3o ou pagamento online<\/li><li>Para nos ajudar a resolver problemas e melhorar o design de nosso site<\/li><li>Para proteger a seguran\u00e7a ou integridade de nosso site e miss\u00e3o<\/li><li>Para entrar em contato com voc\u00ea se necess\u00e1rio<\/li><\/ul><p><strong>O Maior Presente de Deus compartilha minhas informa\u00e7\u00f5es.<\/strong><\/p><p>N\u00f3s n\u00e3o compartilhamos suas informa\u00e7\u00f5es. Usaremos as informa\u00e7\u00f5es apenas para processar sua doa\u00e7\u00e3o online ou solicita\u00e7\u00e3o de pagamento.<\/p><\/div>\n\t\t\t\t<\/div>\n\t\t\t\t<\/div>\n\t\t\t\t<div class=\"elementor-element elementor-element-70099f1 elementor-widget elementor-widget-menu-anchor\" data-id=\"70099f1\" data-element_type=\"widget\" data-widget_type=\"menu-anchor.default\">\n\t\t\t\t<div class=\"elementor-widget-container\">\n\t\t\t\t\t<div id=\"cookies\" class=\"elementor-menu-anchor\"><\/div>\n\t\t\t\t<\/div>\n\t\t\t\t<\/div>\n\t\t\t\t<div class=\"elementor-element elementor-element-8072282 elementor-widget elementor-widget-heading\" data-id=\"8072282\" data-element_type=\"widget\" data-widget_type=\"heading.default\">\n\t\t\t\t<div class=\"elementor-widget-container\">\n\t\t\t<h2 class=\"elementor-heading-title elementor-size-default\">Cookies<\/h2>\t\t<\/div>\n\t\t\t\t<\/div>\n\t\t\t\t<div class=\"elementor-element elementor-element-74e6169 elementor-widget elementor-widget-text-editor\" data-id=\"74e6169\" data-element_type=\"widget\" data-widget_type=\"text-editor.default\">\n\t\t\t\t<div class=\"elementor-widget-container\">\n\t\t\t\t\t<div class=\"elementor-text-editor elementor-clearfix\"><p><strong>Uso de Cookies<\/strong><\/p><p>Nosso site usa \u201ccookies\u201d, que s\u00e3o pequenos arquivos de dados que s\u00e3o armazenados no seu computador quando voc\u00ea visita um site. Os cookies permitem que voc\u00ea doe ou pague em nosso site.<\/p><p>Voc\u00ea pode configurar seu navegador para n\u00e3o aceitar cookies ou para notific\u00e1-lo quando um cookie for enviado a voc\u00ea, dando-lhe a oportunidade de decidir se aceita ou n\u00e3o. No entanto, se voc\u00ea n\u00e3o aceitar os cookies, n\u00e3o poder\u00e1 acessar as informa\u00e7\u00f5es da sua conta ou fazer doa\u00e7\u00f5es ou pagamentos em nosso site.<\/p><p><strong>R\u00f3tulos de pixel<\/strong><\/p><p>Usamos \u201cpixel tags\u201d (tamb\u00e9m chamados de \u201cweb beacons\u201d ou \u201cgifs transparentes\u201d), que s\u00e3o pequenas imagens gr\u00e1ficas, em nossos sites e em nossos e-mails.<\/p><p>Pixel tags em nossos sites podem ser usados \u200b\u200bpara coletar informa\u00e7\u00f5es sobre sua visita, incluindo as p\u00e1ginas que voc\u00ea visita, os recursos que voc\u00ea usa, os links em que clica e outras a\u00e7\u00f5es que voc\u00ea realiza em conex\u00e3o com o site. Essas informa\u00e7\u00f5es podem incluir o endere\u00e7o de Protocolo de Internet (IP) do seu computador, o tipo de seu navegador, seu sistema operacional, informa\u00e7\u00f5es de data e hora e outras informa\u00e7\u00f5es t\u00e9cnicas sobre o seu computador.<\/p><p>Tamb\u00e9m podemos rastrear certas informa\u00e7\u00f5es sobre a identidade do site que voc\u00ea visitou imediatamente antes de visitar nosso site. Caso contr\u00e1rio, n\u00e3o rastreamos nenhuma informa\u00e7\u00e3o sobre o uso de outros sites.<\/p><\/div>\n\t\t\t\t<\/div>\n\t\t\t\t<\/div>\n\t\t\t\t<div class=\"elementor-element elementor-element-e14bded elementor-widget elementor-widget-menu-anchor\" data-id=\"e14bded\" data-element_type=\"widget\" data-widget_type=\"menu-anchor.default\">\n\t\t\t\t<div class=\"elementor-widget-container\">\n\t\t\t\t\t<div id=\"protection\" class=\"elementor-menu-anchor\"><\/div>\n\t\t\t\t<\/div>\n\t\t\t\t<\/div>\n\t\t\t\t<div class=\"elementor-element elementor-element-e2ab7e0 elementor-widget elementor-widget-heading\" data-id=\"e2ab7e0\" data-element_type=\"widget\" data-widget_type=\"heading.default\">\n\t\t\t\t<div class=\"elementor-widget-container\">\n\t\t\t<h2 class=\"elementor-heading-title elementor-size-default\">Prote\u00e7\u00e3o<\/h2>\t\t<\/div>\n\t\t\t\t<\/div>\n\t\t\t\t<div class=\"elementor-element elementor-element-db22e98 elementor-widget elementor-widget-text-editor\" data-id=\"db22e98\" data-element_type=\"widget\" data-widget_type=\"text-editor.default\">\n\t\t\t\t<div class=\"elementor-widget-container\">\n\t\t\t\t\t<div class=\"elementor-text-editor elementor-clearfix\"><p><strong>Informa\u00e7\u00e3o da Persona<\/strong><\/p><p>Fazemos o nosso melhor para lhe proporcionar uma experi\u00eancia online segura e conveniente. Temos certas garantias f\u00edsicas, eletr\u00f4nicas, contratuais e administrativas para proteger a seguran\u00e7a e a privacidade de suas informa\u00e7\u00f5es pessoais.<\/p><p>Quando voc\u00ea insere suas informa\u00e7\u00f5es pessoais em nosso site, usamos a tecnologia Secure Sockets Layer (SSL) para proteger suas informa\u00e7\u00f5es \u00e0 medida que s\u00e3o transmitidas para n\u00f3s. Para garantir que voc\u00ea est\u00e1 acessando nosso servidor seguro antes de enviar informa\u00e7\u00f5es financeiras pessoais, olhe no canto inferior esquerdo do seu navegador. Se voc\u00ea vir uma chave ininterrupta ou um cadeado fechado (dependendo do seu navegador), o SSL est\u00e1 ativo. Para verificar a seguran\u00e7a, olhe para a URL ou linha de localiza\u00e7\u00e3o do seu navegador. Se voc\u00ea acessou um servidor seguro, os primeiros caracteres do endere\u00e7o nessa linha devem mudar de \u201chttp\u201d para \u201chttps\u201d.<\/p><p><strong>O que \u00e9 &#8220;PHISHING&#8221;?<\/strong><\/p><p>\u201cPhishing\u201d \u00e9 um golpe criado para roubar suas informa\u00e7\u00f5es pessoais. Se voc\u00ea receber um e-mail que parece ser nosso, solicitando seus dados pessoais, n\u00e3o responda. Nunca pediremos sua senha ou nome de usu\u00e1rio por e-mail.<\/p><p>Links para outros sites<\/p><p>Para sua conveni\u00eancia e informa\u00e7\u00e3o, nosso site pode conter links para outros sites, que podem ter pol\u00edticas de privacidade diferentes das nossas. N\u00e3o somos respons\u00e1veis \u200b\u200bpelo conte\u00fado ou pr\u00e1ticas de qualquer site vinculado. Recomendamos que voc\u00ea analise a pol\u00edtica de privacidade de qualquer site que acesse por meio de nossos sites.<\/p><\/div>\n\t\t\t\t<\/div>\n\t\t\t\t<\/div>\n\t\t\t\t<div class=\"elementor-element elementor-element-fb0e23b elementor-widget elementor-widget-menu-anchor\" data-id=\"fb0e23b\" data-element_type=\"widget\" data-widget_type=\"menu-anchor.default\">\n\t\t\t\t<div class=\"elementor-widget-container\">\n\t\t\t\t\t<div id=\"more\" class=\"elementor-menu-anchor\"><\/div>\n\t\t\t\t<\/div>\n\t\t\t\t<\/div>\n\t\t\t\t<div class=\"elementor-element elementor-element-5d5b007 elementor-widget elementor-widget-heading\" data-id=\"5d5b007\" data-element_type=\"widget\" data-widget_type=\"heading.default\">\n\t\t\t\t<div class=\"elementor-widget-container\">\n\t\t\t<h2 class=\"elementor-heading-title elementor-size-default\">Mais Informa\u00e7\u00f5es<\/h2>\t\t<\/div>\n\t\t\t\t<\/div>\n\t\t\t\t<div class=\"elementor-element elementor-element-864ce33 elementor-widget elementor-widget-text-editor\" data-id=\"864ce33\" data-element_type=\"widget\" data-widget_type=\"text-editor.default\">\n\t\t\t\t<div class=\"elementor-widget-container\">\n\t\t\t\t\t<div class=\"elementor-text-editor elementor-clearfix\"><p>Para perguntas sobre nossa pol\u00edtica de privacidade, para tomar decis\u00f5es sobre o recebimento de comunica\u00e7\u00f5es promocionais, para atualizar suas informa\u00e7\u00f5es pessoais ou para fazer um pedido, voc\u00ea pode entrar em contato com a GOD GREATEST GIFT por e-mail, telefone ou correio.<\/p><p><strong>GOD GREATEST GIFT INC.<\/strong><br \/>2302 Lucaya Lane, Apt D-1,<br \/>Coconut Creek, Fl. 33066<br \/>info@godgreatestgift.org<\/p><\/div>\n\t\t\t\t<\/div>\n\t\t\t\t<\/div>\n\t\t\t\t\t\t<\/div>\n\t\t\t\t\t<\/div>\n\t\t<\/div>\n\t\t\t\t\t\t\t\t<\/div>\n\t\t\t\t\t<\/div>\n\t\t<\/section>\n\t\t\t\t\t\t<\/div>\n\t\t\t\t\t\t<\/div>\n\t\t\t\t\t<\/div>\n\t\t","protected":false},"excerpt":{"rendered":"<p>Termos de Uso NAVEGA\u00c7\u00c3O Coleta de informa\u00e7\u00f5es Uso Cookies Prote\u00e7\u00e3o Mais Informa\u00e7\u00f5es Em vigor desde: 1\u00ba de junho de 2020 Sabemos que voc\u00ea cuida de como as informa\u00e7\u00f5es sobre voc\u00ea s\u00e3o usadas e compartilhadas e agradecemos sua confian\u00e7a em n\u00f3s para fazer isso com cuidado e prud\u00eancia. Estamos muito empenhados em manter a confidencialidade de [&hellip;]<\/p>\n","protected":false},"author":1,"featured_media":0,"parent":0,"menu_order":0,"comment_status":"closed","ping_status":"closed","template":"","meta":[],"yst_prominent_words":[],"_links":{"self":[{"href":"https:\/\/ggg.do\/pt\/wp-json\/wp\/v2\/pages\/944"}],"collection":[{"href":"https:\/\/ggg.do\/pt\/wp-json\/wp\/v2\/pages"}],"about":[{"href":"https:\/\/ggg.do\/pt\/wp-json\/wp\/v2\/types\/page"}],"author":[{"embeddable":true,"href":"https:\/\/ggg.do\/pt\/wp-json\/wp\/v2\/users\/1"}],"replies":[{"embeddable":true,"href":"https:\/\/ggg.do\/pt\/wp-json\/wp\/v2\/comments?post=944"}],"version-history":[{"count":13,"href":"https:\/\/ggg.do\/pt\/wp-json\/wp\/v2\/pages\/944\/revisions"}],"predecessor-version":[{"id":1384,"href":"https:\/\/ggg.do\/pt\/wp-json\/wp\/v2\/pages\/944\/revisions\/1384"}],"wp:attachment":[{"href":"https:\/\/ggg.do\/pt\/wp-json\/wp\/v2\/media?parent=944"}],"wp:term":[{"taxonomy":"yst_prominent_words","embeddable":true,"href":"https:\/\/ggg.do\/pt\/wp-json\/wp\/v2\/yst_prominent_words?post=944"}],"curies":[{"name":"wp","href":"https:\/\/api.w.org\/{rel}","templated":true}]}}